{"id":1384,"date":"2021-07-16T15:49:33","date_gmt":"2021-07-16T13:49:33","guid":{"rendered":"https:\/\/www.sniper-zone.be\/?page_id=1384"},"modified":"2021-07-16T15:49:33","modified_gmt":"2021-07-16T13:49:33","slug":"regelungen","status":"publish","type":"page","link":"https:\/\/www.sniper-zone.be\/de\/regelungen\/","title":{"rendered":"Regelungen"},"content":{"rendered":"<p style=\"text-align: center;\"><strong>Interne Regelungen<\/strong><\/p>\n<p>Nur Spieler, die ordnungsgem\u00e4\u00df eingeschrieben sind, haben Zugang zum Gel\u00e4nde.<\/p>\n<p>Das Team der Sniper Zone beh\u00e4lt sich das Recht vor, das Spielgel\u00e4nde zu betreten<\/p>\n<p>Das Team der Sniper Zone weist jegliche Haftung ab im Falle eines Diebstahls auf dem Parkplatz oder auf dem Gel\u00e4nde seiner Infrastruktur.<\/p>\n<p>&nbsp;<\/p>\n<p><strong>\u00a0<\/strong>Jeglicher Alkoholmissbrauch oder Konsum von gesetzlich nicht zugelassenen Substanzen ist verboten. Der Genuss von Alkohol und der Verzehr von pers\u00f6nlichen Getr\u00e4nken ist auf dem Parkplatz und auf der Infrastruktur der Paintball-Sniper Zone untersagt. <strong>Die Nichteinhaltung dieser Vorschrift\u00a0 hat automatisch den Platzverweis und den Ausschluss von den Spielen zur Folge, und zwar ohne jeglichen Ausgleich!<\/strong><\/p>\n<p>&nbsp;<\/p>\n<p><strong>\u00a0<\/strong>Die Benutzung pers\u00f6nlicher Kugeln ist STRIKT verboten.\u00a0<strong>Die Nichteinhaltung dieser Vorschrift hat automatisch den Platzverweis und den Ausschluss von den Spielen zur Folge, und zwar ohne jeglichen Ausgleich!<\/strong><\/p>\n<p><strong>\u00a0<\/strong><\/p>\n<p>Die Spieler verpflichten sich, das Personal und die anderen Spieler zu achten.\u00a0(keine Beschimpfungen, Drohungen oder \u00e4hnliches)<\/p>\n<p><strong>\u00a0<\/strong><\/p>\n<p>Die Spieler verpflichten sich, die Infrastruktur der Sniper Zone zu respektieren. Es darf nichts besch\u00e4digt werden und es darf kein Abfall am Boden, auf dem Gel\u00e4nde oder auf dem Parkplatz zur\u00fcckgelassen werden. Es stehen daf\u00fcr M\u00fcllbeh\u00e4lter zur Verf\u00fcgung!<\/p>\n<p><strong>\u00a0<\/strong><\/p>\n<p>Die Spieler haben das von der Sniper Zone zur Verf\u00fcgung gestellte Material zu respektieren. Das zur Verf\u00fcgung gestellte Material muss intakt wieder abgegebn werden. Jedes besch\u00e4digte oder verloren gegangene Teil wird der Person, die reserviert hat, in Rechnung gestellt!<\/p>\n<p><strong>\u00a0<\/strong><\/p>\n<p>Die Spieler verpflichten sich, die Umgebung (Nachbargel\u00e4nde und Nachbargeb\u00e4ude) zu respektieren. Aus Respekt vor den Nachbarn, Wanderern und der Natur bitten wir Sie, nicht unn\u00f6tig viel Krach zu machen und mit gem\u00e4\u00dfigter Geschwindigkeit durch die benachbarten Stra\u00dfen zu fahren!<\/p>\n<p><strong>\u00a0<\/strong><\/p>\n<p>Ich erlaube es der Sniper Zone, Fotos und Videoaufnahmen von mir zu machen und sie frei zu nutzen !<\/p>\n<p>&nbsp;<\/p>\n<p style=\"text-align: center;\"><strong>Sicerheitsvorschriften und spielregeln<\/strong><\/p>\n<p>&nbsp;<\/p>\n<p><strong>Das Tragen der Maske ist Pflicht ! <\/strong><strong>Die Maske darf in der Spielzone NIE ABGENOMMEN werden, auch nicht, wenn Sie getroffen worden sind.\u00a0<\/strong>Das Abnehmen der Maske ist ein schwerer Versto\u00df gegen die Sicherheitsvorschriften.<\/p>\n<p><strong>\u00a0<\/strong><\/p>\n<p>Es ist verboten, auf weniger als 7 Meter Entfernung auf jemanden zu schie\u00dfen. Wenn Sie zu nahe stehen, dann schie\u00dfen Sie nicht, andernfalls werden Sie ausgeschlossen.\u00a0K\u00f6rperkontakt wird nicht geduldet.<\/p>\n<p><strong>\u00a0<\/strong><\/p>\n<p>Sie scheiden aus, wenn Sie die Kugel sp\u00fcren oder wenn diese auf Ihrer Ausr\u00fcstung platzt. Nur Spritzer gelten nicht!<\/p>\n<p><strong>\u00a0<\/strong><\/p>\n<p>Wenn Sie getroffen werden rufen Sie \u00ab out \u00bb, Sie heben Ihren Marker hoch und begeben sich zur\u00fcck in die Sicherheitszone, wo Sie Ihre Maske ablegen k\u00f6nnen.<\/p>\n<p><strong>\u00a0<\/strong><\/p>\n<p>Fair-Play und Ehrlichkeit sind die besten Garanten f\u00fcr ein angenehmes Spiel.<\/p>\n<p><strong>\u00a0<\/strong><\/p>\n<p>Es ist strikt verboten, sich gegen Hindernisse und Dekor-Gegenst\u00e4nde zu werfen oder sie zu besteigen.<\/p>\n<p><strong>\u00a0<\/strong><\/p>\n<p><strong>Es ist verboten, das Gel\u00e4nde mit seinem Marker zu verlassen! <\/strong>Dies ist nur mit Erlaubnis des Personals und mit Verschluss auf dem Marker m\u00f6glich!<\/p>\n<p><strong>\u00a0<\/strong><\/p>\n<p>Zu Boden gefallene Kugeln bitte nie aufheben. Das kann zu Besch\u00e4digungen des Markers f\u00fchren!<\/p>\n<p><strong>\u00a0<\/strong><\/p>\n<p>Gegenst\u00e4nde, die mit Paintball nichts zu haben, sind auf dem Gel\u00e4nde verboten. F\u00fcr pers\u00f6nliche Gegenst\u00e4nde, steht ein Beh\u00e4lter zur Verf\u00fcgung.<\/p>\n<p><strong>\u00a0<\/strong><\/p>\n<p><strong>Bei Ert\u00f6nen der Pfeife darf kein Schuss mehr abgegeben werden.<\/strong><\/p>\n<p><strong>\u00a0<\/strong><\/p>\n<p>Nie auf eine Person zielen oder schie\u00dfen, wenn Sie in Schwierigkeiten ist.<\/p>\n<p><strong>\u00a0<\/strong><\/p>\n<p><strong>Es ist strikt verboten, auf Passanten oder Tiere zu schie\u00dfen.<\/strong><\/p>\n<p><strong>\u00a0<\/strong><\/p>\n<p>Eingriffe des Schiedsrichters haben im Spiel immer Vorrang.<\/p>\n<p>&nbsp;<\/p>\n<p><strong><u>Unachtsamkeiten bei der Sicherheit werden nicht geduldet! Wer sich an diese Vorschriften nicht h\u00e4lt, bekommt sofort einen Platzverweis und wird von den Spielen ausgeschlossen, und zwar ohne jeglichen Ausgleich!<\/u><\/strong><strong>\u00a0<\/strong><\/p>\n<p>&nbsp;<\/p>\n<p><strong><u>Au\u00dferdem :<\/u><\/strong><\/p>\n<p>&#8211; Ich versichere, dass ich 18 Jahre alt bin (andernfalls habe ich die schriftliche Erlaubnis meiner Eltern mit deren Unterschrift)<\/p>\n<p>&#8211; Ich versichere, das Vorstellungsbriefing und die obigen Vorschriften zur Kenntnis genommen zu haben und mich daran zu halten.<\/p>\n<p>&#8211; Ich verpflichte mich, das mir zur Verf\u00fcgung gestellte Material, die Umgebung und die \u00d6rtlichkeiten zu respektieren.<\/p>\n<p>&nbsp;<\/p>\n<p>&nbsp;<\/p>\n","protected":false},"excerpt":{"rendered":"<p>Interne Regelungen Nur Spieler, die ordnungsgem\u00e4\u00df eingeschrieben sind, haben Zugang zum Gel\u00e4nde. Das Team der Sniper Zone beh\u00e4lt sich das Recht vor, das Spielgel\u00e4nde zu betreten Das Team der Sniper Zone weist jegliche Haftung ab im Falle eines Diebstahls auf dem Parkplatz oder auf dem Gel\u00e4nde seiner Infrastruktur. &nbsp; \u00a0Jeglicher Alkoholmissbrauch oder Konsum von gesetzlich [&hellip;]<\/p>\n","protected":false},"author":2,"featured_media":0,"parent":0,"menu_order":0,"comment_status":"closed","ping_status":"closed","template":"","meta":{"footnotes":""},"acf":[],"yoast_head":"<!-- This site is optimized with the Yoast SEO plugin v23.5 - https:\/\/yoast.com\/wordpress\/plugins\/seo\/ -->\n<title>Regelungen - Sniper Zone<\/title>\n<meta name=\"robots\" content=\"index, follow, max-snippet:-1, max-image-preview:large, max-video-preview:-1\" \/>\n<link rel=\"canonical\" href=\"https:\/\/www.sniper-zone.be\/de\/regelungen\/\" \/>\n<meta property=\"og:locale\" content=\"de_DE\" \/>\n<meta property=\"og:type\" content=\"article\" \/>\n<meta property=\"og:title\" content=\"Regelungen - Sniper Zone\" \/>\n<meta property=\"og:description\" content=\"Interne Regelungen Nur Spieler, die ordnungsgem\u00e4\u00df eingeschrieben sind, haben Zugang zum Gel\u00e4nde. Das Team der Sniper Zone beh\u00e4lt sich das Recht vor, das Spielgel\u00e4nde zu betreten Das Team der Sniper Zone weist jegliche Haftung ab im Falle eines Diebstahls auf dem Parkplatz oder auf dem Gel\u00e4nde seiner Infrastruktur. &nbsp; \u00a0Jeglicher Alkoholmissbrauch oder Konsum von gesetzlich [&hellip;]\" \/>\n<meta property=\"og:url\" content=\"https:\/\/www.sniper-zone.be\/de\/regelungen\/\" \/>\n<meta property=\"og:site_name\" content=\"Sniper Zone\" \/>\n<meta property=\"article:publisher\" content=\"https:\/\/www.facebook.com\/paintballsniperzone\/\" \/>\n<meta name=\"twitter:card\" content=\"summary_large_image\" \/>\n<meta name=\"twitter:label1\" content=\"Gesch\u00e4tzte Lesezeit\" \/>\n\t<meta name=\"twitter:data1\" content=\"3\u00a0Minuten\" \/>\n<script type=\"application\/ld+json\" class=\"yoast-schema-graph\">{\"@context\":\"https:\/\/schema.org\",\"@graph\":[{\"@type\":\"WebPage\",\"@id\":\"https:\/\/www.sniper-zone.be\/de\/regelungen\/\",\"url\":\"https:\/\/www.sniper-zone.be\/de\/regelungen\/\",\"name\":\"Regelungen - Sniper Zone\",\"isPartOf\":{\"@id\":\"https:\/\/www.sniper-zone.be\/de\/#website\"},\"datePublished\":\"2021-07-16T13:49:33+00:00\",\"dateModified\":\"2021-07-16T13:49:33+00:00\",\"breadcrumb\":{\"@id\":\"https:\/\/www.sniper-zone.be\/de\/regelungen\/#breadcrumb\"},\"inLanguage\":\"de\",\"potentialAction\":[{\"@type\":\"ReadAction\",\"target\":[\"https:\/\/www.sniper-zone.be\/de\/regelungen\/\"]}]},{\"@type\":\"BreadcrumbList\",\"@id\":\"https:\/\/www.sniper-zone.be\/de\/regelungen\/#breadcrumb\",\"itemListElement\":[{\"@type\":\"ListItem\",\"position\":1,\"name\":\"Accueil\",\"item\":\"https:\/\/www.sniper-zone.be\/de\/\"},{\"@type\":\"ListItem\",\"position\":2,\"name\":\"Regelungen\"}]},{\"@type\":\"WebSite\",\"@id\":\"https:\/\/www.sniper-zone.be\/de\/#website\",\"url\":\"https:\/\/www.sniper-zone.be\/de\/\",\"name\":\"Sniper Zone\",\"description\":\"Un site utilisant WordPress\",\"publisher\":{\"@id\":\"https:\/\/www.sniper-zone.be\/de\/#organization\"},\"potentialAction\":[{\"@type\":\"SearchAction\",\"target\":{\"@type\":\"EntryPoint\",\"urlTemplate\":\"https:\/\/www.sniper-zone.be\/de\/?s={search_term_string}\"},\"query-input\":{\"@type\":\"PropertyValueSpecification\",\"valueRequired\":true,\"valueName\":\"search_term_string\"}}],\"inLanguage\":\"de\"},{\"@type\":\"Organization\",\"@id\":\"https:\/\/www.sniper-zone.be\/de\/#organization\",\"name\":\"Sniper Zone\",\"url\":\"https:\/\/www.sniper-zone.be\/de\/\",\"logo\":{\"@type\":\"ImageObject\",\"inLanguage\":\"de\",\"@id\":\"https:\/\/www.sniper-zone.be\/de\/#\/schema\/logo\/image\/\",\"url\":\"https:\/\/www.sniper-zone.be\/wp-content\/uploads\/2022\/07\/logo-web.79073833.png\",\"contentUrl\":\"https:\/\/www.sniper-zone.be\/wp-content\/uploads\/2022\/07\/logo-web.79073833.png\",\"width\":210,\"height\":85,\"caption\":\"Sniper Zone\"},\"image\":{\"@id\":\"https:\/\/www.sniper-zone.be\/de\/#\/schema\/logo\/image\/\"},\"sameAs\":[\"https:\/\/www.facebook.com\/paintballsniperzone\/\",\"https:\/\/www.instagram.com\/paintballsniperzone\/\",\"https:\/\/fr.tripadvisor.be\/Attraction_Review-g1025609-d8756441-Reviews-Paintball_Sniper_Zone-Malmedy_Liege_Province_The_Ardennes_Wallonia.html\",\"https:\/\/www.youtube.com\/channel\/UCIbqlkLc0vFKsVQ7HNs0e6w\"]}]}<\/script>\n<!-- \/ Yoast SEO plugin. -->","yoast_head_json":{"title":"Regelungen - Sniper Zone","robots":{"index":"index","follow":"follow","max-snippet":"max-snippet:-1","max-image-preview":"max-image-preview:large","max-video-preview":"max-video-preview:-1"},"canonical":"https:\/\/www.sniper-zone.be\/de\/regelungen\/","og_locale":"de_DE","og_type":"article","og_title":"Regelungen - Sniper Zone","og_description":"Interne Regelungen Nur Spieler, die ordnungsgem\u00e4\u00df eingeschrieben sind, haben Zugang zum Gel\u00e4nde. Das Team der Sniper Zone beh\u00e4lt sich das Recht vor, das Spielgel\u00e4nde zu betreten Das Team der Sniper Zone weist jegliche Haftung ab im Falle eines Diebstahls auf dem Parkplatz oder auf dem Gel\u00e4nde seiner Infrastruktur. &nbsp; \u00a0Jeglicher Alkoholmissbrauch oder Konsum von gesetzlich [&hellip;]","og_url":"https:\/\/www.sniper-zone.be\/de\/regelungen\/","og_site_name":"Sniper Zone","article_publisher":"https:\/\/www.facebook.com\/paintballsniperzone\/","twitter_card":"summary_large_image","twitter_misc":{"Gesch\u00e4tzte Lesezeit":"3\u00a0Minuten"},"schema":{"@context":"https:\/\/schema.org","@graph":[{"@type":"WebPage","@id":"https:\/\/www.sniper-zone.be\/de\/regelungen\/","url":"https:\/\/www.sniper-zone.be\/de\/regelungen\/","name":"Regelungen - Sniper Zone","isPartOf":{"@id":"https:\/\/www.sniper-zone.be\/de\/#website"},"datePublished":"2021-07-16T13:49:33+00:00","dateModified":"2021-07-16T13:49:33+00:00","breadcrumb":{"@id":"https:\/\/www.sniper-zone.be\/de\/regelungen\/#breadcrumb"},"inLanguage":"de","potentialAction":[{"@type":"ReadAction","target":["https:\/\/www.sniper-zone.be\/de\/regelungen\/"]}]},{"@type":"BreadcrumbList","@id":"https:\/\/www.sniper-zone.be\/de\/regelungen\/#breadcrumb","itemListElement":[{"@type":"ListItem","position":1,"name":"Accueil","item":"https:\/\/www.sniper-zone.be\/de\/"},{"@type":"ListItem","position":2,"name":"Regelungen"}]},{"@type":"WebSite","@id":"https:\/\/www.sniper-zone.be\/de\/#website","url":"https:\/\/www.sniper-zone.be\/de\/","name":"Sniper Zone","description":"Un site utilisant WordPress","publisher":{"@id":"https:\/\/www.sniper-zone.be\/de\/#organization"},"potentialAction":[{"@type":"SearchAction","target":{"@type":"EntryPoint","urlTemplate":"https:\/\/www.sniper-zone.be\/de\/?s={search_term_string}"},"query-input":{"@type":"PropertyValueSpecification","valueRequired":true,"valueName":"search_term_string"}}],"inLanguage":"de"},{"@type":"Organization","@id":"https:\/\/www.sniper-zone.be\/de\/#organization","name":"Sniper Zone","url":"https:\/\/www.sniper-zone.be\/de\/","logo":{"@type":"ImageObject","inLanguage":"de","@id":"https:\/\/www.sniper-zone.be\/de\/#\/schema\/logo\/image\/","url":"https:\/\/www.sniper-zone.be\/wp-content\/uploads\/2022\/07\/logo-web.79073833.png","contentUrl":"https:\/\/www.sniper-zone.be\/wp-content\/uploads\/2022\/07\/logo-web.79073833.png","width":210,"height":85,"caption":"Sniper Zone"},"image":{"@id":"https:\/\/www.sniper-zone.be\/de\/#\/schema\/logo\/image\/"},"sameAs":["https:\/\/www.facebook.com\/paintballsniperzone\/","https:\/\/www.instagram.com\/paintballsniperzone\/","https:\/\/fr.tripadvisor.be\/Attraction_Review-g1025609-d8756441-Reviews-Paintball_Sniper_Zone-Malmedy_Liege_Province_The_Ardennes_Wallonia.html","https:\/\/www.youtube.com\/channel\/UCIbqlkLc0vFKsVQ7HNs0e6w"]}]}},"_links":{"self":[{"href":"https:\/\/www.sniper-zone.be\/de\/wp-json\/wp\/v2\/pages\/1384"}],"collection":[{"href":"https:\/\/www.sniper-zone.be\/de\/wp-json\/wp\/v2\/pages"}],"about":[{"href":"https:\/\/www.sniper-zone.be\/de\/wp-json\/wp\/v2\/types\/page"}],"author":[{"embeddable":true,"href":"https:\/\/www.sniper-zone.be\/de\/wp-json\/wp\/v2\/users\/2"}],"replies":[{"embeddable":true,"href":"https:\/\/www.sniper-zone.be\/de\/wp-json\/wp\/v2\/comments?post=1384"}],"version-history":[{"count":1,"href":"https:\/\/www.sniper-zone.be\/de\/wp-json\/wp\/v2\/pages\/1384\/revisions"}],"predecessor-version":[{"id":1385,"href":"https:\/\/www.sniper-zone.be\/de\/wp-json\/wp\/v2\/pages\/1384\/revisions\/1385"}],"wp:attachment":[{"href":"https:\/\/www.sniper-zone.be\/de\/wp-json\/wp\/v2\/media?parent=1384"}],"curies":[{"name":"wp","href":"https:\/\/api.w.org\/{rel}","templated":true}]}}