{"id":1388,"date":"2021-07-16T15:52:21","date_gmt":"2021-07-16T13:52:21","guid":{"rendered":"https:\/\/www.sniper-zone.be\/?page_id=1388"},"modified":"2023-11-29T15:33:48","modified_gmt":"2023-11-29T14:33:48","slug":"mentions-legales","status":"publish","type":"page","link":"https:\/\/www.sniper-zone.be\/de\/datenschutzbestimmungen\/mentions-legales\/","title":{"rendered":"Impressum"},"content":{"rendered":"<p>Merci de lire avec attention les diff\u00e9rentes modalit\u00e9s d\u2019utilisation du pr\u00e9sent site avant d\u2019y parcourir ses pages. En vous connectant sur ce site, vous acceptez sans r\u00e9serve les pr\u00e9sentes modalit\u00e9s. Aussi, conform\u00e9ment \u00e0 l\u2019article n\u00b06 de la Loi n\u00b02004-575 du 21 Juin 2004 pour la confiance dans l\u2019\u00e9conomie num\u00e9rique, les responsables du pr\u00e9sent site internet\u00a0<strong>www.sniper-zone.be<\/strong>\u00a0sont :<\/p>\n<p><strong>Editeur du Site :<br \/>\n<\/strong>Sniper Zone \/ FFWD Production SPRL<br \/>\nEmail : info@sniper-zone.be &#8211; Site Web : www.sniper-zone.be<br \/>\nNum\u00e9ro de TVA : BE0820 300 987<\/p>\n<p><strong>H\u00e9bergement :<\/strong><br \/>\nH\u00e9bergeur : OVHSite<br \/>\nWeb : www.ovh.fr<\/p>\n<p><strong>D\u00e9veloppement :<\/strong><br \/>\nLeonard Web Solution SRL<br \/>\nSite Web : https:\/\/www.lws.be<\/p>\n<p><strong>Conditions d\u2019utilisation :<br \/>\n<\/strong>Ce site est propos\u00e9 en diff\u00e9rents langages web (HTML, HTML5, Javascript, CSS, etc\u2026) pour un meilleur confort d&#8217;utilisation et un graphisme plus agr\u00e9able, nous vous recommandons de recourir \u00e0 des navigateurs modernes comme Internet explorer, Safari, Firefox, Google Chrome, etc\u2026 Sniper Zone \/ FFWD Production SPRL met en \u0153uvre tous les moyens dont elle dispose, pour assurer une information fiable et une mise \u00e0 jour fiable de ses sites internet. Toutefois, des erreurs ou omissions peuvent survenir. L&#8217;internaute devra donc s&#8217;assurer de l&#8217;exactitude des informations aupr\u00e8s de Sniper Zone \/ FFWD Production SPRL (par email : info@sniper-zone.be) , et signaler toutes modifications du site qu&#8217;il jugerait utile. Sniper Zone \/ FFWD Production SPRL n&#8217;est en aucun cas responsable de l&#8217;utilisation faite de ces informations, et de tout pr\u00e9judice direct ou indirect pouvant en d\u00e9couler.<\/p>\n<p><strong>Cookies :<\/strong><br \/>\nLe site www.sniper-zone.be peut \u00eatre amen\u00e9 \u00e0 vous demander l\u2019acceptation des cookies pour des besoins de statistiques et d&#8217;affichage. Un cookie est une information d\u00e9pos\u00e9e sur votre disque dur par le serveur du site que vous visitez. Il contient plusieurs donn\u00e9es qui sont stock\u00e9es sur votre ordinateur dans un simple fichier texte auquel un serveur acc\u00e8de pour lire et enregistrer des informations. Certaines parties de ce site ne peuvent \u00eatre fonctionnelles sans l\u2019acceptation de cookies.<\/p>\n<p><strong>Liens hypertextes :<\/strong><br \/>\nLes sites internet peuvent offrir des liens vers d\u2019autres sites internet ou d\u2019autres ressources disponibles sur Internet. Sniper Zone \/ FFWD Production SPRL ne dispose d&#8217;aucun moyen pour contr\u00f4ler les sites en connexion avec ses sites internet. Sniper Zone \/ FFWD Production SPRL ne r\u00e9pond pas de la disponibilit\u00e9 de tels sites et sources externes, ni ne la garantit. Elle ne peut \u00eatre tenue pour responsable de tout dommage, de quelque nature que ce soit, r\u00e9sultant du contenu de ces sites ou sources externes, et notamment des informations, produits ou services qu\u2019ils proposent, ou de tout usage qui peut \u00eatre fait de ces \u00e9l\u00e9ments. Les risques li\u00e9s \u00e0 cette utilisation incombent pleinement \u00e0 l&#8217;internaute, qui doit se conformer \u00e0 leurs conditions d&#8217;utilisation. Les utilisateurs, les abonn\u00e9s et les visiteurs des sites internet de ne peuvent mettre en place un hyperlien en direction de ce site sans l&#8217;autorisation expresse et pr\u00e9alable de Sniper Zone. Dans l&#8217;hypoth\u00e8se o\u00f9 un utilisateur ou visiteur souhaiterait mettre en place un hyperlien en direction d\u2019un des sites internet de Sniper Zone \/ FFWD Production SPRL, il lui appartiendra d&#8217;adresser un email accessible sur le site afin de formuler sa demande de mise en place d&#8217;un hyperlien. Sniper Zone \/ FFWD Production SPRL se r\u00e9serve le droit d\u2019accepter ou de refuser un hyperlien sans avoir \u00e0 en justifier sa d\u00e9cision.<\/p>\n<p><strong>Services fournis :<br \/>\n<\/strong>L&#8217;ensemble des activit\u00e9s de la soci\u00e9t\u00e9 ainsi que ses informations sont pr\u00e9sent\u00e9s sur notre site www.sniper-zone.be.Sniper Zone \/ FFWD Production SPRL s\u2019efforce de fournir sur le site www.sniper-zone.be des informations aussi pr\u00e9cises que possible. Les renseignements figurant sur le site www.sniper-zone.be ne sont pas exhaustifs et les photos non contractuelles. Ils sont donn\u00e9s sous r\u00e9serve de modifications ayant \u00e9t\u00e9 apport\u00e9es depuis leur mise en ligne. Par ailleurs, toutes les informations indiqu\u00e9es sur le site www.sniper-zone.be sont donn\u00e9es \u00e0 titre indicatif, et sont susceptibles de changer ou d\u2019\u00e9voluer sans pr\u00e9avis.<\/p>\n<p><strong>Limitation contractuelle sur les donn\u00e9es :<br \/>\n<\/strong>Les informations contenues sur ce site sont aussi pr\u00e9cises que possible et le site remis \u00e0 jour \u00e0 diff\u00e9rentes p\u00e9riodes de l\u2019ann\u00e9e, mais peut toutefois contenir des inexactitudes ou des omissions. Si vous constatez une lacune, erreur ou ce qui parait \u00eatre un dysfonctionnement, merci de bien vouloir le signaler par email, \u00e0 l\u2019adresse info@sniper-zone.be, en d\u00e9crivant le probl\u00e8me de la mani\u00e8re la plus pr\u00e9cise possible (page posant probl\u00e8me, type d\u2019ordinateur et de navigateur utilis\u00e9, \u2026). Tout contenu t\u00e9l\u00e9charg\u00e9 se fait aux risques et p\u00e9rils de l&#8217;utilisateur et sous sa seule responsabilit\u00e9. En cons\u00e9quence, ne saurait \u00eatre tenu responsable d&#8217;un quelconque dommage subi par l&#8217;ordinateur de l&#8217;utilisateur ou d&#8217;une quelconque perte de donn\u00e9es cons\u00e9cutives au t\u00e9l\u00e9chargement. De plus, l\u2019utilisateur du site s\u2019engage \u00e0 acc\u00e9der au site en utilisant un mat\u00e9riel r\u00e9cent, ne contenant pas de virus et avec un navigateur de derni\u00e8re g\u00e9n\u00e9ration mis-\u00e0-jour Les liens hypertextes mis en place dans le cadre du pr\u00e9sent site internet en direction d&#8217;autres ressources pr\u00e9sentes sur le r\u00e9seau Internet ne sauraient engager la responsabilit\u00e9 de Sniper Zone \/ FFWD Production SPRL.<\/p>\n<p><strong>Propri\u00e9t\u00e9 intellectuelle :<br \/>\n<\/strong>Tout le contenu du pr\u00e9sent sur le site www.sniper-zone.be, incluant, de fa\u00e7on non limitative, les graphismes, images, textes, vid\u00e9os, animations, sons, logos, gifs et ic\u00f4nes ainsi que leur mise en forme sont la propri\u00e9t\u00e9 exclusive de la soci\u00e9t\u00e9 Sniper Zone \/ FFWD Production SPRL \u00e0 l&#8217;exception des marques, logos ou contenus appartenant \u00e0 d&#8217;autres soci\u00e9t\u00e9s partenaires ou auteurs. Toute reproduction, distribution, modification, adaptation, retransmission ou publication, m\u00eame partielle, de ces diff\u00e9rents \u00e9l\u00e9ments est strictement interdite sans l&#8217;accord expr\u00e8s par \u00e9crit de Sniper Zone \/ FFWD Production SPRL. Cette repr\u00e9sentation ou reproduction, par quelque proc\u00e9d\u00e9 que ce soit, constitue une contrefa\u00e7on sanctionn\u00e9e par les articles L.335-2 et suivants du Code de la propri\u00e9t\u00e9 intellectuelle. Le non-respect de cette interdiction constitue une contrefa\u00e7on pouvant engager la responsabilit\u00e9 civile et p\u00e9nale du contrefacteur. En outre, les propri\u00e9taires des Contenus copi\u00e9s pourraient intenter une action en justice \u00e0 votre encontre.<\/p>\n<p><strong>Litiges :<\/strong><br \/>\nLes pr\u00e9sentes conditions du site www.sniper-zone.be sont r\u00e9gies par les lois belges et toute contestation ou litiges qui pourraient na\u00eetre de l&#8217;interpr\u00e9tation ou de l&#8217;ex\u00e9cution de celles-ci seront de la comp\u00e9tence exclusive du tribunal de Verviers. La langue de r\u00e9f\u00e9rence, pour le r\u00e8glement de contentieux \u00e9ventuels, est le fran\u00e7ais.<\/p>\n","protected":false},"excerpt":{"rendered":"<p>Merci de lire avec attention les diff\u00e9rentes modalit\u00e9s d\u2019utilisation du pr\u00e9sent site avant d\u2019y parcourir ses pages. En vous connectant sur ce site, vous acceptez sans r\u00e9serve les pr\u00e9sentes modalit\u00e9s. Aussi, conform\u00e9ment \u00e0 l\u2019article n\u00b06 de la Loi n\u00b02004-575 du 21 Juin 2004 pour la confiance dans l\u2019\u00e9conomie num\u00e9rique, les responsables du pr\u00e9sent site internet\u00a0www.sniper-zone.be\u00a0sont [&hellip;]<\/p>\n","protected":false},"author":2,"featured_media":0,"parent":4545,"menu_order":0,"comment_status":"closed","ping_status":"closed","template":"pages\/template-single-confidentialite.php","meta":{"footnotes":""},"acf":[],"yoast_head":"<!-- This site is optimized with the Yoast SEO plugin v23.5 - https:\/\/yoast.com\/wordpress\/plugins\/seo\/ -->\n<title>Impressum - Sniper Zone<\/title>\n<meta name=\"robots\" content=\"index, follow, max-snippet:-1, max-image-preview:large, max-video-preview:-1\" \/>\n<link rel=\"canonical\" href=\"https:\/\/www.sniper-zone.be\/de\/datenschutzbestimmungen\/mentions-legales\/\" \/>\n<meta property=\"og:locale\" content=\"de_DE\" \/>\n<meta property=\"og:type\" content=\"article\" \/>\n<meta property=\"og:title\" content=\"Impressum - Sniper Zone\" \/>\n<meta property=\"og:description\" content=\"Merci de lire avec attention les diff\u00e9rentes modalit\u00e9s d\u2019utilisation du pr\u00e9sent site avant d\u2019y parcourir ses pages. En vous connectant sur ce site, vous acceptez sans r\u00e9serve les pr\u00e9sentes modalit\u00e9s. Aussi, conform\u00e9ment \u00e0 l\u2019article n\u00b06 de la Loi n\u00b02004-575 du 21 Juin 2004 pour la confiance dans l\u2019\u00e9conomie num\u00e9rique, les responsables du pr\u00e9sent site internet\u00a0www.sniper-zone.be\u00a0sont [&hellip;]\" \/>\n<meta property=\"og:url\" content=\"https:\/\/www.sniper-zone.be\/de\/datenschutzbestimmungen\/mentions-legales\/\" \/>\n<meta property=\"og:site_name\" content=\"Sniper Zone\" \/>\n<meta property=\"article:publisher\" content=\"https:\/\/www.facebook.com\/paintballsniperzone\/\" \/>\n<meta property=\"article:modified_time\" content=\"2023-11-29T14:33:48+00:00\" \/>\n<meta name=\"twitter:card\" content=\"summary_large_image\" \/>\n<meta name=\"twitter:label1\" content=\"Gesch\u00e4tzte Lesezeit\" \/>\n\t<meta name=\"twitter:data1\" content=\"6\u00a0Minuten\" \/>\n<script type=\"application\/ld+json\" class=\"yoast-schema-graph\">{\"@context\":\"https:\/\/schema.org\",\"@graph\":[{\"@type\":\"WebPage\",\"@id\":\"https:\/\/www.sniper-zone.be\/de\/datenschutzbestimmungen\/mentions-legales\/\",\"url\":\"https:\/\/www.sniper-zone.be\/de\/datenschutzbestimmungen\/mentions-legales\/\",\"name\":\"Impressum - Sniper Zone\",\"isPartOf\":{\"@id\":\"https:\/\/www.sniper-zone.be\/de\/#website\"},\"datePublished\":\"2021-07-16T13:52:21+00:00\",\"dateModified\":\"2023-11-29T14:33:48+00:00\",\"breadcrumb\":{\"@id\":\"https:\/\/www.sniper-zone.be\/de\/datenschutzbestimmungen\/mentions-legales\/#breadcrumb\"},\"inLanguage\":\"de\",\"potentialAction\":[{\"@type\":\"ReadAction\",\"target\":[\"https:\/\/www.sniper-zone.be\/de\/datenschutzbestimmungen\/mentions-legales\/\"]}]},{\"@type\":\"BreadcrumbList\",\"@id\":\"https:\/\/www.sniper-zone.be\/de\/datenschutzbestimmungen\/mentions-legales\/#breadcrumb\",\"itemListElement\":[{\"@type\":\"ListItem\",\"position\":1,\"name\":\"Accueil\",\"item\":\"https:\/\/www.sniper-zone.be\/de\/\"},{\"@type\":\"ListItem\",\"position\":2,\"name\":\"Datenschutzbestimmungen\",\"item\":\"https:\/\/www.sniper-zone.be\/de\/datenschutzbestimmungen\/\"},{\"@type\":\"ListItem\",\"position\":3,\"name\":\"Impressum\"}]},{\"@type\":\"WebSite\",\"@id\":\"https:\/\/www.sniper-zone.be\/de\/#website\",\"url\":\"https:\/\/www.sniper-zone.be\/de\/\",\"name\":\"Sniper Zone\",\"description\":\"Un site utilisant WordPress\",\"publisher\":{\"@id\":\"https:\/\/www.sniper-zone.be\/de\/#organization\"},\"potentialAction\":[{\"@type\":\"SearchAction\",\"target\":{\"@type\":\"EntryPoint\",\"urlTemplate\":\"https:\/\/www.sniper-zone.be\/de\/?s={search_term_string}\"},\"query-input\":{\"@type\":\"PropertyValueSpecification\",\"valueRequired\":true,\"valueName\":\"search_term_string\"}}],\"inLanguage\":\"de\"},{\"@type\":\"Organization\",\"@id\":\"https:\/\/www.sniper-zone.be\/de\/#organization\",\"name\":\"Sniper Zone\",\"url\":\"https:\/\/www.sniper-zone.be\/de\/\",\"logo\":{\"@type\":\"ImageObject\",\"inLanguage\":\"de\",\"@id\":\"https:\/\/www.sniper-zone.be\/de\/#\/schema\/logo\/image\/\",\"url\":\"https:\/\/www.sniper-zone.be\/wp-content\/uploads\/2022\/07\/logo-web.79073833.png\",\"contentUrl\":\"https:\/\/www.sniper-zone.be\/wp-content\/uploads\/2022\/07\/logo-web.79073833.png\",\"width\":210,\"height\":85,\"caption\":\"Sniper Zone\"},\"image\":{\"@id\":\"https:\/\/www.sniper-zone.be\/de\/#\/schema\/logo\/image\/\"},\"sameAs\":[\"https:\/\/www.facebook.com\/paintballsniperzone\/\",\"https:\/\/www.instagram.com\/paintballsniperzone\/\",\"https:\/\/fr.tripadvisor.be\/Attraction_Review-g1025609-d8756441-Reviews-Paintball_Sniper_Zone-Malmedy_Liege_Province_The_Ardennes_Wallonia.html\",\"https:\/\/www.youtube.com\/channel\/UCIbqlkLc0vFKsVQ7HNs0e6w\"]}]}<\/script>\n<!-- \/ Yoast SEO plugin. -->","yoast_head_json":{"title":"Impressum - Sniper Zone","robots":{"index":"index","follow":"follow","max-snippet":"max-snippet:-1","max-image-preview":"max-image-preview:large","max-video-preview":"max-video-preview:-1"},"canonical":"https:\/\/www.sniper-zone.be\/de\/datenschutzbestimmungen\/mentions-legales\/","og_locale":"de_DE","og_type":"article","og_title":"Impressum - Sniper Zone","og_description":"Merci de lire avec attention les diff\u00e9rentes modalit\u00e9s d\u2019utilisation du pr\u00e9sent site avant d\u2019y parcourir ses pages. En vous connectant sur ce site, vous acceptez sans r\u00e9serve les pr\u00e9sentes modalit\u00e9s. Aussi, conform\u00e9ment \u00e0 l\u2019article n\u00b06 de la Loi n\u00b02004-575 du 21 Juin 2004 pour la confiance dans l\u2019\u00e9conomie num\u00e9rique, les responsables du pr\u00e9sent site internet\u00a0www.sniper-zone.be\u00a0sont [&hellip;]","og_url":"https:\/\/www.sniper-zone.be\/de\/datenschutzbestimmungen\/mentions-legales\/","og_site_name":"Sniper Zone","article_publisher":"https:\/\/www.facebook.com\/paintballsniperzone\/","article_modified_time":"2023-11-29T14:33:48+00:00","twitter_card":"summary_large_image","twitter_misc":{"Gesch\u00e4tzte Lesezeit":"6\u00a0Minuten"},"schema":{"@context":"https:\/\/schema.org","@graph":[{"@type":"WebPage","@id":"https:\/\/www.sniper-zone.be\/de\/datenschutzbestimmungen\/mentions-legales\/","url":"https:\/\/www.sniper-zone.be\/de\/datenschutzbestimmungen\/mentions-legales\/","name":"Impressum - Sniper Zone","isPartOf":{"@id":"https:\/\/www.sniper-zone.be\/de\/#website"},"datePublished":"2021-07-16T13:52:21+00:00","dateModified":"2023-11-29T14:33:48+00:00","breadcrumb":{"@id":"https:\/\/www.sniper-zone.be\/de\/datenschutzbestimmungen\/mentions-legales\/#breadcrumb"},"inLanguage":"de","potentialAction":[{"@type":"ReadAction","target":["https:\/\/www.sniper-zone.be\/de\/datenschutzbestimmungen\/mentions-legales\/"]}]},{"@type":"BreadcrumbList","@id":"https:\/\/www.sniper-zone.be\/de\/datenschutzbestimmungen\/mentions-legales\/#breadcrumb","itemListElement":[{"@type":"ListItem","position":1,"name":"Accueil","item":"https:\/\/www.sniper-zone.be\/de\/"},{"@type":"ListItem","position":2,"name":"Datenschutzbestimmungen","item":"https:\/\/www.sniper-zone.be\/de\/datenschutzbestimmungen\/"},{"@type":"ListItem","position":3,"name":"Impressum"}]},{"@type":"WebSite","@id":"https:\/\/www.sniper-zone.be\/de\/#website","url":"https:\/\/www.sniper-zone.be\/de\/","name":"Sniper Zone","description":"Un site utilisant WordPress","publisher":{"@id":"https:\/\/www.sniper-zone.be\/de\/#organization"},"potentialAction":[{"@type":"SearchAction","target":{"@type":"EntryPoint","urlTemplate":"https:\/\/www.sniper-zone.be\/de\/?s={search_term_string}"},"query-input":{"@type":"PropertyValueSpecification","valueRequired":true,"valueName":"search_term_string"}}],"inLanguage":"de"},{"@type":"Organization","@id":"https:\/\/www.sniper-zone.be\/de\/#organization","name":"Sniper Zone","url":"https:\/\/www.sniper-zone.be\/de\/","logo":{"@type":"ImageObject","inLanguage":"de","@id":"https:\/\/www.sniper-zone.be\/de\/#\/schema\/logo\/image\/","url":"https:\/\/www.sniper-zone.be\/wp-content\/uploads\/2022\/07\/logo-web.79073833.png","contentUrl":"https:\/\/www.sniper-zone.be\/wp-content\/uploads\/2022\/07\/logo-web.79073833.png","width":210,"height":85,"caption":"Sniper Zone"},"image":{"@id":"https:\/\/www.sniper-zone.be\/de\/#\/schema\/logo\/image\/"},"sameAs":["https:\/\/www.facebook.com\/paintballsniperzone\/","https:\/\/www.instagram.com\/paintballsniperzone\/","https:\/\/fr.tripadvisor.be\/Attraction_Review-g1025609-d8756441-Reviews-Paintball_Sniper_Zone-Malmedy_Liege_Province_The_Ardennes_Wallonia.html","https:\/\/www.youtube.com\/channel\/UCIbqlkLc0vFKsVQ7HNs0e6w"]}]}},"_links":{"self":[{"href":"https:\/\/www.sniper-zone.be\/de\/wp-json\/wp\/v2\/pages\/1388"}],"collection":[{"href":"https:\/\/www.sniper-zone.be\/de\/wp-json\/wp\/v2\/pages"}],"about":[{"href":"https:\/\/www.sniper-zone.be\/de\/wp-json\/wp\/v2\/types\/page"}],"author":[{"embeddable":true,"href":"https:\/\/www.sniper-zone.be\/de\/wp-json\/wp\/v2\/users\/2"}],"replies":[{"embeddable":true,"href":"https:\/\/www.sniper-zone.be\/de\/wp-json\/wp\/v2\/comments?post=1388"}],"version-history":[{"count":2,"href":"https:\/\/www.sniper-zone.be\/de\/wp-json\/wp\/v2\/pages\/1388\/revisions"}],"predecessor-version":[{"id":4547,"href":"https:\/\/www.sniper-zone.be\/de\/wp-json\/wp\/v2\/pages\/1388\/revisions\/4547"}],"up":[{"embeddable":true,"href":"https:\/\/www.sniper-zone.be\/de\/wp-json\/wp\/v2\/pages\/4545"}],"wp:attachment":[{"href":"https:\/\/www.sniper-zone.be\/de\/wp-json\/wp\/v2\/media?parent=1388"}],"curies":[{"name":"wp","href":"https:\/\/api.w.org\/{rel}","templated":true}]}}