{"id":338,"date":"2020-06-04T12:14:06","date_gmt":"2020-06-04T10:14:06","guid":{"rendered":"http:\/\/p3309.phpnet.org\/test-sniperzone-wordpress\/?page_id=338"},"modified":"2020-06-22T15:50:25","modified_gmt":"2020-06-22T13:50:25","slug":"politique-de-cookies","status":"publish","type":"page","link":"https:\/\/www.sniper-zone.be\/de\/politique-de-confidentialite-2\/politique-de-cookies\/","title":{"rendered":"Politique de cookies"},"content":{"rendered":"<p>La pr\u00e9sente D\u00e9claration d\u2019utilisation de cookies s\u2019applique au site web www.sniper-zone.be.<\/p>\n<p>Le Site Web est exploit\u00e9 par FFWD Production SPRL\u00a0 dont le si\u00e8ge social est situ\u00e9 au 51, Chemin du Petit Bois, 4960 Malmedy, Belgique.<\/p>\n<p>La pr\u00e9sente d\u00e9claration a pour but d\u2019informer l\u2019utilisateur du Site Web au sujet des cookies utilis\u00e9s sur le Site Web. En visitant ou en utilisant le Site Web, vous acceptez express\u00e9ment l\u2019utilisation des cookies de la mani\u00e8re d\u00e9crite ci-dessous.<\/p>\n<h3>1. LES COOKIES \u2013 QU\u2019EST-CE QUE C\u2019EST\u00a0?<\/h3>\n<p>Les \u00ab\u00a0Cookies\u00bb sont des petits fichiers d\u2019informations \u00a0enregistr\u00e9s \u2013 temporairement ou non \u2013 sur votre ordinateur ou appareil par le serveur d\u2019un site web via le navigateur que vous utilisez pour le consulter. Les cookies contiennent des informations uniques qui permettent la reconnaissance de votre navigateur lors de votre visite ainsi que, le cas \u00e9ch\u00e9ant, lors de toute visite ult\u00e9rieure.<\/p>\n<p>Les cookies nous permettent de simplifier, compl\u00e9ter et personnaliser l\u2019utilisation du site, et permettent \u00e0 nos partenaires de vous proposer de la publicit\u00e9 cibl\u00e9e sur vos centres d\u2019int\u00e9r\u00eats ou vos pr\u00e9f\u00e9rences.<\/p>\n<h3>2. QUELS SONT LES COOKIES QUE NOUS UTILISONS\u00a0?<\/h3>\n<h4>2.1 COOKIES STRICTEMENT N\u00c9CESSAIRES<\/h4>\n<p>Ces cookies sont indispensables pour pouvoir visiter les Sites Web et pour pouvoir utiliser certaines de ses fonctionnalit\u00e9s. Ces cookies vous permettent, par exemple, de naviguer entre les diff\u00e9rentes parties du Site Web ou de remplir des formulaires ou encore d\u2019acc\u00e9der \u00e0 certaines parties s\u00e9curis\u00e9es. \u00a0Si vous refusez ces cookies, certaines parties du Site Web peuvent ne pas fonctionner.<\/p>\n<h4>2.2 COOKIES DE FONCTIONNALIT\u00c9S<\/h4>\n<p>Les cookies de fonctionnalit\u00e9s sont des cookies qui rendent plus facile et plus agr\u00e9able le fonctionnement du Site Web et veillent \u00e0 ce que vous b\u00e9n\u00e9ficiez d\u2019une exp\u00e9rience de navigation plus personnalis\u00e9e. Ce sont par exemple les cookies qui se rappellent vos pr\u00e9f\u00e9rences linguistiques.<\/p>\n<h4>2.3 COOKIES DE PERFORMANCE ET DE STATISTIQUES<\/h4>\n<p>Les cookies de performance sont des cookies qui ont pour but de collecter des informations se rapportant \u00e0 la mani\u00e8re dont les visiteurs utilisent le Site web, telles que des informations concernant les pages consult\u00e9es ou le nombre de messages d\u2019erreur apparus, afin d\u2019analyser et d\u2019optimiser l\u2019utilisation du Site Web.<\/p>\n<p>Les cookies de statistiques permettent \u00e0 GOOGLE ANALYTICS de collecter des informations anonymes qui l\u2019aident \u00e0 comprendre la mani\u00e8re dont les visiteurs interagissent avec le Site web.<\/p>\n<h3>3. GESTION DES COOKIES<\/h3>\n<p>Vous pouvez modifier vos param\u00e8tres de cookies dans vos navigateurs Internet. Ces param\u00e8tres peuvent \u00eatre trouv\u00e9s dans le menu \u00ab\u00a0options\u00a0\u00bb ou \u2018pr\u00e9f\u00e9rences\u00a0\u00bb de votre navigateur internet. Afin de comprendre ces param\u00e8tres, les liens suivants peuvent vous \u00eatre utiles. Sinon, vous devriez utiliser l\u2019option \u00ab\u00a0Aide\u00a0\u00bb dans votre navigateur internet pour plus de d\u00e9tails.<\/p>\n<ul>\n<li><strong><a href=\"http:\/\/support.microsoft.com\/kb\/196955\" target=\"_blank\" rel=\"noreferrer noopener\">Param\u00e8tres Cookies dans Internet Explorer<\/a><\/strong><\/li>\n<li><strong><a href=\"http:\/\/support.mozilla.org\/en-US\/kb\/cookies-information-websites-store-on-your-computer?redirectlocale=en-US&amp;redirectslug=Cookies\" target=\"_blank\" rel=\"noreferrer noopener\">Param\u00e8tres Cookies dans Mozilla Firefox<\/a><\/strong><\/li>\n<li><strong><a href=\"http:\/\/support.google.com\/chrome\/bin\/answer.py?hl=en&amp;answer=95647\" target=\"_blank\" rel=\"noreferrer noopener\">Param\u00e8tres Cookies dans Google Chrome<\/a><\/strong><\/li>\n<li><strong><a href=\"http:\/\/support.apple.com\/kb\/HT1677\" target=\"_blank\" rel=\"noreferrer noopener\">Param\u00e8tres Cookies dans Safari\u00a0<\/a><\/strong>(MAC)<\/li>\n<\/ul>\n<h3>4. MODIFICATIONS<\/h3>\n<p>Nous nous r\u00e9servons le droit de modifier cette D\u00e9claration d\u2019utilisation de cookies \u00e0 tout moment.<\/p>\n<p>Cette D\u00e9claration de cookie a \u00e9t\u00e9 modifi\u00e9e et revue pour la derni\u00e8re fois le \u2026<\/p>\n<h3><strong>5. COORDONNEES<\/strong><\/h3>\n<p>L\u2019entreprise est responsable du traitement de ces cookies, fichiers et tags. Lorsque cela inclut des donn\u00e9es \u00e0 caract\u00e8re personnel, notre d\u00e9claration de confidentialit\u00e9 est applicable.<\/p>\n<p>Pour toute demande relative \u00e0 la pr\u00e9sente d\u00e9claration d\u2019utilisation de cookies ou quant \u00e0 notre politique de protection de la vie priv\u00e9e, merci de nous contacter \u00e0 l\u2019adresse e-mail suivante : <a href=\"mailto:info@sniper-zone.be\" target=\"_blank\" rel=\"noopener noreferrer\">info@sniper-zone.be<\/a><\/p>\n","protected":false},"excerpt":{"rendered":"<p>La pr\u00e9sente D\u00e9claration d\u2019utilisation de cookies s\u2019applique au site web www.sniper-zone.be. Le Site Web est exploit\u00e9 par FFWD Production SPRL\u00a0 dont le si\u00e8ge social est situ\u00e9 au 51, Chemin du Petit Bois, 4960 Malmedy, Belgique. La pr\u00e9sente d\u00e9claration a pour but d\u2019informer l\u2019utilisateur du Site Web au sujet des cookies utilis\u00e9s sur le Site Web. [&hellip;]<\/p>\n","protected":false},"author":1,"featured_media":0,"parent":334,"menu_order":0,"comment_status":"closed","ping_status":"closed","template":"pages\/template-single-confidentialite.php","meta":{"footnotes":""},"acf":[],"yoast_head":"<!-- This site is optimized with the Yoast SEO plugin v23.5 - https:\/\/yoast.com\/wordpress\/plugins\/seo\/ -->\n<title>Politique de cookies - Sniper Zone<\/title>\n<meta name=\"robots\" content=\"index, follow, max-snippet:-1, max-image-preview:large, max-video-preview:-1\" \/>\n<link rel=\"canonical\" href=\"https:\/\/www.sniper-zone.be\/de\/politique-de-confidentialite-2\/politique-de-cookies\/\" \/>\n<meta property=\"og:locale\" content=\"de_DE\" \/>\n<meta property=\"og:type\" content=\"article\" \/>\n<meta property=\"og:title\" content=\"Politique de cookies - Sniper Zone\" \/>\n<meta property=\"og:description\" content=\"La pr\u00e9sente D\u00e9claration d\u2019utilisation de cookies s\u2019applique au site web www.sniper-zone.be. Le Site Web est exploit\u00e9 par FFWD Production SPRL\u00a0 dont le si\u00e8ge social est situ\u00e9 au 51, Chemin du Petit Bois, 4960 Malmedy, Belgique. La pr\u00e9sente d\u00e9claration a pour but d\u2019informer l\u2019utilisateur du Site Web au sujet des cookies utilis\u00e9s sur le Site Web. [&hellip;]\" \/>\n<meta property=\"og:url\" content=\"https:\/\/www.sniper-zone.be\/de\/politique-de-confidentialite-2\/politique-de-cookies\/\" \/>\n<meta property=\"og:site_name\" content=\"Sniper Zone\" \/>\n<meta property=\"article:publisher\" content=\"https:\/\/www.facebook.com\/paintballsniperzone\/\" \/>\n<meta property=\"article:modified_time\" content=\"2020-06-22T13:50:25+00:00\" \/>\n<meta name=\"twitter:card\" content=\"summary_large_image\" \/>\n<meta name=\"twitter:label1\" content=\"Gesch\u00e4tzte Lesezeit\" \/>\n\t<meta name=\"twitter:data1\" content=\"3\u00a0Minuten\" \/>\n<script type=\"application\/ld+json\" class=\"yoast-schema-graph\">{\"@context\":\"https:\/\/schema.org\",\"@graph\":[{\"@type\":\"WebPage\",\"@id\":\"https:\/\/www.sniper-zone.be\/de\/politique-de-confidentialite-2\/politique-de-cookies\/\",\"url\":\"https:\/\/www.sniper-zone.be\/de\/politique-de-confidentialite-2\/politique-de-cookies\/\",\"name\":\"Politique de cookies - Sniper Zone\",\"isPartOf\":{\"@id\":\"https:\/\/www.sniper-zone.be\/de\/#website\"},\"datePublished\":\"2020-06-04T10:14:06+00:00\",\"dateModified\":\"2020-06-22T13:50:25+00:00\",\"breadcrumb\":{\"@id\":\"https:\/\/www.sniper-zone.be\/de\/politique-de-confidentialite-2\/politique-de-cookies\/#breadcrumb\"},\"inLanguage\":\"de\",\"potentialAction\":[{\"@type\":\"ReadAction\",\"target\":[\"https:\/\/www.sniper-zone.be\/de\/politique-de-confidentialite-2\/politique-de-cookies\/\"]}]},{\"@type\":\"BreadcrumbList\",\"@id\":\"https:\/\/www.sniper-zone.be\/de\/politique-de-confidentialite-2\/politique-de-cookies\/#breadcrumb\",\"itemListElement\":[{\"@type\":\"ListItem\",\"position\":1,\"name\":\"Accueil\",\"item\":\"https:\/\/www.sniper-zone.be\/de\/\"},{\"@type\":\"ListItem\",\"position\":2,\"name\":\"Politique de confidentialit\u00e9\",\"item\":\"https:\/\/www.sniper-zone.be\/de\/politique-de-confidentialite-2\/\"},{\"@type\":\"ListItem\",\"position\":3,\"name\":\"Politique de cookies\"}]},{\"@type\":\"WebSite\",\"@id\":\"https:\/\/www.sniper-zone.be\/de\/#website\",\"url\":\"https:\/\/www.sniper-zone.be\/de\/\",\"name\":\"Sniper Zone\",\"description\":\"Un site utilisant WordPress\",\"publisher\":{\"@id\":\"https:\/\/www.sniper-zone.be\/de\/#organization\"},\"potentialAction\":[{\"@type\":\"SearchAction\",\"target\":{\"@type\":\"EntryPoint\",\"urlTemplate\":\"https:\/\/www.sniper-zone.be\/de\/?s={search_term_string}\"},\"query-input\":{\"@type\":\"PropertyValueSpecification\",\"valueRequired\":true,\"valueName\":\"search_term_string\"}}],\"inLanguage\":\"de\"},{\"@type\":\"Organization\",\"@id\":\"https:\/\/www.sniper-zone.be\/de\/#organization\",\"name\":\"Sniper Zone\",\"url\":\"https:\/\/www.sniper-zone.be\/de\/\",\"logo\":{\"@type\":\"ImageObject\",\"inLanguage\":\"de\",\"@id\":\"https:\/\/www.sniper-zone.be\/de\/#\/schema\/logo\/image\/\",\"url\":\"https:\/\/www.sniper-zone.be\/wp-content\/uploads\/2022\/07\/logo-web.79073833.png\",\"contentUrl\":\"https:\/\/www.sniper-zone.be\/wp-content\/uploads\/2022\/07\/logo-web.79073833.png\",\"width\":210,\"height\":85,\"caption\":\"Sniper Zone\"},\"image\":{\"@id\":\"https:\/\/www.sniper-zone.be\/de\/#\/schema\/logo\/image\/\"},\"sameAs\":[\"https:\/\/www.facebook.com\/paintballsniperzone\/\",\"https:\/\/www.instagram.com\/paintballsniperzone\/\",\"https:\/\/fr.tripadvisor.be\/Attraction_Review-g1025609-d8756441-Reviews-Paintball_Sniper_Zone-Malmedy_Liege_Province_The_Ardennes_Wallonia.html\",\"https:\/\/www.youtube.com\/channel\/UCIbqlkLc0vFKsVQ7HNs0e6w\"]}]}<\/script>\n<!-- \/ Yoast SEO plugin. -->","yoast_head_json":{"title":"Politique de cookies - Sniper Zone","robots":{"index":"index","follow":"follow","max-snippet":"max-snippet:-1","max-image-preview":"max-image-preview:large","max-video-preview":"max-video-preview:-1"},"canonical":"https:\/\/www.sniper-zone.be\/de\/politique-de-confidentialite-2\/politique-de-cookies\/","og_locale":"de_DE","og_type":"article","og_title":"Politique de cookies - Sniper Zone","og_description":"La pr\u00e9sente D\u00e9claration d\u2019utilisation de cookies s\u2019applique au site web www.sniper-zone.be. Le Site Web est exploit\u00e9 par FFWD Production SPRL\u00a0 dont le si\u00e8ge social est situ\u00e9 au 51, Chemin du Petit Bois, 4960 Malmedy, Belgique. La pr\u00e9sente d\u00e9claration a pour but d\u2019informer l\u2019utilisateur du Site Web au sujet des cookies utilis\u00e9s sur le Site Web. [&hellip;]","og_url":"https:\/\/www.sniper-zone.be\/de\/politique-de-confidentialite-2\/politique-de-cookies\/","og_site_name":"Sniper Zone","article_publisher":"https:\/\/www.facebook.com\/paintballsniperzone\/","article_modified_time":"2020-06-22T13:50:25+00:00","twitter_card":"summary_large_image","twitter_misc":{"Gesch\u00e4tzte Lesezeit":"3\u00a0Minuten"},"schema":{"@context":"https:\/\/schema.org","@graph":[{"@type":"WebPage","@id":"https:\/\/www.sniper-zone.be\/de\/politique-de-confidentialite-2\/politique-de-cookies\/","url":"https:\/\/www.sniper-zone.be\/de\/politique-de-confidentialite-2\/politique-de-cookies\/","name":"Politique de cookies - Sniper Zone","isPartOf":{"@id":"https:\/\/www.sniper-zone.be\/de\/#website"},"datePublished":"2020-06-04T10:14:06+00:00","dateModified":"2020-06-22T13:50:25+00:00","breadcrumb":{"@id":"https:\/\/www.sniper-zone.be\/de\/politique-de-confidentialite-2\/politique-de-cookies\/#breadcrumb"},"inLanguage":"de","potentialAction":[{"@type":"ReadAction","target":["https:\/\/www.sniper-zone.be\/de\/politique-de-confidentialite-2\/politique-de-cookies\/"]}]},{"@type":"BreadcrumbList","@id":"https:\/\/www.sniper-zone.be\/de\/politique-de-confidentialite-2\/politique-de-cookies\/#breadcrumb","itemListElement":[{"@type":"ListItem","position":1,"name":"Accueil","item":"https:\/\/www.sniper-zone.be\/de\/"},{"@type":"ListItem","position":2,"name":"Politique de confidentialit\u00e9","item":"https:\/\/www.sniper-zone.be\/de\/politique-de-confidentialite-2\/"},{"@type":"ListItem","position":3,"name":"Politique de cookies"}]},{"@type":"WebSite","@id":"https:\/\/www.sniper-zone.be\/de\/#website","url":"https:\/\/www.sniper-zone.be\/de\/","name":"Sniper Zone","description":"Un site utilisant WordPress","publisher":{"@id":"https:\/\/www.sniper-zone.be\/de\/#organization"},"potentialAction":[{"@type":"SearchAction","target":{"@type":"EntryPoint","urlTemplate":"https:\/\/www.sniper-zone.be\/de\/?s={search_term_string}"},"query-input":{"@type":"PropertyValueSpecification","valueRequired":true,"valueName":"search_term_string"}}],"inLanguage":"de"},{"@type":"Organization","@id":"https:\/\/www.sniper-zone.be\/de\/#organization","name":"Sniper Zone","url":"https:\/\/www.sniper-zone.be\/de\/","logo":{"@type":"ImageObject","inLanguage":"de","@id":"https:\/\/www.sniper-zone.be\/de\/#\/schema\/logo\/image\/","url":"https:\/\/www.sniper-zone.be\/wp-content\/uploads\/2022\/07\/logo-web.79073833.png","contentUrl":"https:\/\/www.sniper-zone.be\/wp-content\/uploads\/2022\/07\/logo-web.79073833.png","width":210,"height":85,"caption":"Sniper Zone"},"image":{"@id":"https:\/\/www.sniper-zone.be\/de\/#\/schema\/logo\/image\/"},"sameAs":["https:\/\/www.facebook.com\/paintballsniperzone\/","https:\/\/www.instagram.com\/paintballsniperzone\/","https:\/\/fr.tripadvisor.be\/Attraction_Review-g1025609-d8756441-Reviews-Paintball_Sniper_Zone-Malmedy_Liege_Province_The_Ardennes_Wallonia.html","https:\/\/www.youtube.com\/channel\/UCIbqlkLc0vFKsVQ7HNs0e6w"]}]}},"_links":{"self":[{"href":"https:\/\/www.sniper-zone.be\/de\/wp-json\/wp\/v2\/pages\/338"}],"collection":[{"href":"https:\/\/www.sniper-zone.be\/de\/wp-json\/wp\/v2\/pages"}],"about":[{"href":"https:\/\/www.sniper-zone.be\/de\/wp-json\/wp\/v2\/types\/page"}],"author":[{"embeddable":true,"href":"https:\/\/www.sniper-zone.be\/de\/wp-json\/wp\/v2\/users\/1"}],"replies":[{"embeddable":true,"href":"https:\/\/www.sniper-zone.be\/de\/wp-json\/wp\/v2\/comments?post=338"}],"version-history":[{"count":2,"href":"https:\/\/www.sniper-zone.be\/de\/wp-json\/wp\/v2\/pages\/338\/revisions"}],"predecessor-version":[{"id":870,"href":"https:\/\/www.sniper-zone.be\/de\/wp-json\/wp\/v2\/pages\/338\/revisions\/870"}],"up":[{"embeddable":true,"href":"https:\/\/www.sniper-zone.be\/de\/wp-json\/wp\/v2\/pages\/334"}],"wp:attachment":[{"href":"https:\/\/www.sniper-zone.be\/de\/wp-json\/wp\/v2\/media?parent=338"}],"curies":[{"name":"wp","href":"https:\/\/api.w.org\/{rel}","templated":true}]}}