{"id":4440,"date":"2023-11-13T10:57:54","date_gmt":"2023-11-13T09:57:54","guid":{"rendered":"https:\/\/www.sniper-zone.be\/?page_id=4440"},"modified":"2023-11-13T13:25:47","modified_gmt":"2023-11-13T12:25:47","slug":"4440-2","status":"publish","type":"page","link":"https:\/\/www.sniper-zone.be\/de\/datenschutzbestimmungen\/4440-2\/","title":{"rendered":"Privacy"},"content":{"rendered":"<h4><strong>1. EINLEITUNG<\/strong><\/h4>\n<p>Die Verarbeitung Ihrer personenbezogenen Daten unterliegt der Einhaltung der geltenden europ\u00e4ischen und nationalen Vorschriften in diesem Bereich, einschlie\u00dflich der Europ\u00e4ischen Verordnung Nr. 2016\/679 vom 27. April 2016 zum Schutz personenbezogener Daten, auch als &#8222;DSGVO&#8220; bekannt.<\/p>\n<p>FFWD Production SRL legt gro\u00dfen Wert auf die Wahrung Ihrer Privatsph\u00e4re und den Schutz Ihrer personenbezogenen Daten. Daher verpflichten wir uns, Ihre personenbezogenen Daten in \u00dcbereinstimmung mit dem Gesetz sowie auf faire und transparente Weise zu sch\u00fctzen und zu verarbeiten.<\/p>\n<p>Mit diesem Hinweis m\u00f6chten wir Sie dar\u00fcber informieren, wie wir Ihre personenbezogenen Daten sammeln, verarbeiten und speichern. Wir laden Sie ein, dies sorgf\u00e4ltig zu lesen.<\/p>\n<p>Unter &#8222;Daten&#8220; versteht FFWD Production alle personenbezogenen Daten \u00fcber Sie, die im Rahmen unserer Beziehungen verarbeitet werden k\u00f6nnen, das hei\u00dft: alle Informationen oder Informationsgruppen, mit denen Sie direkt oder indirekt identifiziert werden k\u00f6nnen.<\/p>\n<h4><\/h4>\n<h4><strong>2. VERANTWORTLICHER F\u00dcR DIE VERARBEITUNG<\/strong><\/h4>\n<p>Der Verantwortliche f\u00fcr die Verarbeitung Ihrer personenbezogenen Daten ist die FFWD Production SRL mit Sitz in Chemin du Petit Bois 51 &#8211; 4960 Malmedy. Es ist FFWD Production, der die Zwecke festlegt, f\u00fcr die Ihre Daten verarbeitet werden, sowie die Mittel und Merkmale der durchgef\u00fchrten Verarbeitungen.<\/p>\n<p>&#8222;Verarbeitung von Daten&#8220; umfasst jede Handlung in Bezug auf Ihre personenbezogenen Daten, wie Sammeln, Aufzeichnen, Organisieren, Aufbewahren, Anpassen oder \u00c4ndern, Extrahieren, Konsultieren, Verwenden, Verbreiten oder anderweitig Bereitstellen, Verkn\u00fcpfen oder Verbinden, sowie Archivieren, L\u00f6schen oder Vernichten.<\/p>\n<p>&nbsp;<\/p>\n<h4><strong>3. KATEGORIEN DER VERARBEITETEN DATEN<\/strong><\/h4>\n<p>Wir verarbeiten Daten unterschiedlicher Art in Bezug auf Sie, nur soweit die Verarbeitung f\u00fcr die Aus\u00fcbung unserer T\u00e4tigkeiten erforderlich ist.<\/p>\n<p><strong>Identifikationsdaten:<\/strong><br \/>\n<em>Zum Beispiel: Name, Vorname und Geburtsdatum&#8230;<\/em><br \/>\n\u00dcbergabe oder Versand eines gedruckten, ausgef\u00fcllten Formulars oder Dokuments oder einer Anfrage, unabh\u00e4ngig vom Medium, oder auf andere Weise (zum Beispiel w\u00e4hrend eines Besuchs durch einen Vertreter, per Post, Telefon, E-Mail, &#8230;).<\/p>\n<p><strong>Kontaktdaten:<\/strong><br \/>\n<em>Zum Beispiel: Telefonnummer, Postadresse und E-Mail-Adresse&#8230;<\/em><br \/>\n\u00dcbergabe oder Versand eines gedruckten, ausgef\u00fcllten Formulars oder Dokuments oder einer Anfrage, unabh\u00e4ngig vom Medium, oder auf andere Weise (zum Beispiel w\u00e4hrend eines Besuchs durch einen Vertreter, per Post, Telefon, E-Mail, &#8230;).<\/p>\n<p><strong>Bankdaten:<\/strong><br \/>\n<em>Zum Beispiel: Bankkontonummer, Kreditkartennummer&#8230;<\/em><br \/>\n\u00dcbergabe oder Versand eines gedruckten, ausgef\u00fcllten Formulars oder Dokuments oder einer Anfrage, unabh\u00e4ngig vom Medium, oder auf andere Weise (zum Beispiel per Post, Telefon, E-Mail, &#8230;).<\/p>\n<p><strong>Bildaufnahmen:<\/strong><br \/>\n<em>Zum Beispiel: Fotos und Videos&#8230;<\/em><br \/>\nDaten aus Videosicherungssystemen. Unsere \u00dcberwachungskameras befinden sich in und um unseren Park sowie in verschiedenen Geb\u00e4uden.<\/p>\n<p><strong>Gesundheitsdaten:<\/strong><br \/>\n<em>Zum Beispiel: Im Falle einer speziellen Di\u00e4t (Allergien, vegetarische Ern\u00e4hrung, &#8230;).<\/em><br \/>\n\u00dcbergabe oder Versand eines gedruckten, ausgef\u00fcllten Formulars oder Dokuments oder einer Anfrage, unabh\u00e4ngig vom Medium, oder auf andere Weise (zum Beispiel per Post, Telefon, E-Mail, &#8230;).<\/p>\n<p>&nbsp;<\/p>\n<h4><strong>4. VERARBEITUNGEN, ZWECKE UND RECHTSGRUNDLAGEN<\/strong><\/h4>\n<p>Wir verarbeiten die oben beschriebenen Daten f\u00fcr bestimmte, explizite und legitime Zwecke. Nur Daten, die f\u00fcr einen bestimmten Zweck notwendig und relevant sind, werden verarbeitet. Wir sammeln oder verarbeiten Ihre Daten nicht f\u00fcr andere Zwecke als die unten beschriebenen.<\/p>\n<p>&nbsp;<\/p>\n<p>&nbsp;<\/p>\n<table style=\"height: 682px;\" width=\"1163\">\n<tbody>\n<tr>\n<td width=\"158\">\n<h6 style=\"text-align: center;\"><span style=\"color: #f48f2a;\">Verarbeitung<\/span><\/h6>\n<\/td>\n<td style=\"text-align: center;\" width=\"271\">\n<h6><span style=\"color: #f48f2a;\">\u00a0Zwecke<\/span><\/h6>\n<\/td>\n<td width=\"316\">\n<h6 style=\"text-align: center;\"><span style=\"color: #f48f2a;\">Rechtliche Grundlagen<\/span><\/h6>\n<\/td>\n<\/tr>\n<tr>\n<td width=\"158\">\n<h6 style=\"text-align: center;\"><span style=\"color: #ffffff;\">Kundenbeziehungsmanagement<\/span><\/h6>\n<\/td>\n<td style=\"text-align: center;\" width=\"271\">\n<h6><span style=\"color: #ffffff;\">Auf Ihre Anfragen nach Informationen, Fragen, Beschwerden, Vorschl\u00e4ge usw. reagieren. Sie erneut kontaktieren nach Verlust oder Vergessen\/Diebstahl eines Objekts\/Besch\u00e4digung von Ger\u00e4ten. <\/span><\/h6>\n<\/td>\n<td style=\"text-align: center;\" width=\"316\">\n<h6><span style=\"color: #ffffff;\">Ihre Einwilligung nach einer Anfrage von Ihnen oder unser berechtigtes Interesse, Sie nach einem Vers\u00e4umnis, Verlust oder Diebstahl zu kontaktieren.<\/span><\/h6>\n<\/td>\n<\/tr>\n<tr>\n<td width=\"158\">\n<h6 style=\"text-align: center;\"><span style=\"color: #ffffff;\">Reservierungsmanagement<\/span><\/h6>\n<\/td>\n<td style=\"text-align: center;\" width=\"271\">\n<h6><span style=\"color: #ffffff;\">Um Ihre Reservierung best\u00e4tigen zu k\u00f6nnen, die von Ihnen gebuchten Dienstleistungen durchzuf\u00fchren, Sie zu erstatten, Ihnen eine Rechnung zu senden, gegebenenfalls Reparaturen bei Ger\u00e4tesch\u00e4den vorzunehmen. <\/span><\/h6>\n<\/td>\n<td style=\"text-align: center;\" width=\"316\">\n<h6><span style=\"color: #ffffff;\">Die vertragliche Notwendigkeit. Ohne die Verarbeitung Ihrer personenbezogenen Daten in diesem Zusammenhang ist es uns unm\u00f6glich, Ihnen unsere Dienstleistungen anzubieten.<\/span><\/h6>\n<\/td>\n<\/tr>\n<tr>\n<td width=\"158\">\n<h6 style=\"text-align: center;\"><span style=\"color: #ffffff;\">Sicherheitsmanagement <\/span><\/h6>\n<\/td>\n<td style=\"text-align: center;\" width=\"271\">\n<h6><span style=\"color: #ffffff;\">Sicherstellen, dass Sie unseren Sicherheitsverpflichtungen nachkommen und Ihnen einen sicheren und gesch\u00fctzten Freizeitbereich bieten.<\/span><\/h6>\n<\/td>\n<td style=\"text-align: center;\" width=\"316\">\n<h6><span style=\"color: #ffffff;\">Unser berechtigtes Interesse, Sie zu sch\u00fctzen und unsere Website zu sichern.<\/span><\/h6>\n<\/td>\n<\/tr>\n<tr>\n<td width=\"158\">\n<h6 style=\"text-align: center;\"><span style=\"color: #ffffff;\">Direktmarketing<\/span><\/h6>\n<\/td>\n<td style=\"text-align: center;\" width=\"271\">\n<h6><span style=\"color: #ffffff;\">Sie \u00fcber unsere Angebote, unsere neuen Infrastrukturen usw. auf dem Laufenden halten. <\/span><\/h6>\n<\/td>\n<td style=\"text-align: center;\" width=\"316\">\n<h6><span style=\"color: #ffffff;\">Ihre Einwilligung, indem Sie sich \u00fcber unsere Website f\u00fcr unseren Newsletter anmelden.<\/span><\/h6>\n<\/td>\n<\/tr>\n<tr>\n<td style=\"text-align: center;\" width=\"158\">\n<h6><span style=\"color: #ffffff;\">Wettbewerb<\/span><\/h6>\n<\/td>\n<td style=\"text-align: center;\" width=\"271\">\n<h6><span style=\"color: #ffffff;\">Um Sie f\u00fcr Ihre Loyalit\u00e4t belohnen zu k\u00f6nnen. <\/span><\/h6>\n<\/td>\n<td style=\"text-align: center;\" width=\"316\">\n<h6><span style=\"color: #ffffff;\">Ihre Einwilligung nach Ihrer Anmeldung.<\/span><\/h6>\n<\/td>\n<\/tr>\n<\/tbody>\n<\/table>\n<h4><\/h4>\n<h4><strong><br \/>\n5.<\/strong>EMPF\u00c4NGER IHRER DATEN<\/h4>\n<p>Um Ihre Daten optimal zu verarbeiten, m\u00fcssen wir sie an bestimmte interne Abteilungen weitergeben:<\/p>\n<p><strong>Interne Empf\u00e4nger:<\/strong> Die Buchhaltungsabteilung und die Marketingabteilung<\/p>\n<p>F\u00fcr einige Dienstleistungen k\u00f6nnen wir auf spezialisierte Unternehmen zur\u00fcckgreifen, die Ihre Daten in unserem Auftrag verarbeiten und gem\u00e4\u00df unseren Anweisungen (&#8222;Auftragsverarbeiter&#8220;). Nur die streng erforderlichen Daten werden von diesen Unternehmen verarbeitet, im Einklang mit Ihrer Privatsph\u00e4re.<\/p>\n<p><strong>Externe Empf\u00e4nger:<\/strong> Regiondo, Ellhoa, Mailchimp, Brevo, Teamleader, Google Suite (Gmail, Groups, Drive), Office Suite (Outlook, Excel&#8230;)<\/p>\n<p>\u00dcbertragungen Ihrer Daten in L\u00e4nder au\u00dferhalb des Europ\u00e4ischen Wirtschaftsraums k\u00f6nnen stattfinden. Im Fall der Vereinigten Staaten unterliegen sie dem EU-US-Privatschild (EU-US Privacy Shield). Um ein angemessenes Sicherheitsniveau zu gew\u00e4hrleisten, unterliegen \u00dcbertragungen in andere Drittl\u00e4nder einem anderen Schutzmechanismus, wie den Standardvertragsklauseln der Kommission.<\/p>\n<p>&nbsp;<\/p>\n<h4><strong>6. <\/strong>DAUER DER DATENSPEICHERUNG<\/h4>\n<p>Wir speichern Ihre Daten so lange, wie es f\u00fcr die Erreichung der Zwecke, f\u00fcr die sie verarbeitet werden, notwendig ist, um unseren gesetzlichen Aufbewahrungspflichten nachzukommen (z.B. steuerlich) und um uns im Falle eines Streits zu sch\u00fctzen (Verj\u00e4hrungsfrist f\u00fcr Rechtsstreitigkeiten). In jedem Fall werden sie maximal 20 Jahre aufbewahrt.<\/p>\n<p>Am Ende ihrer Aufbewahrungsfrist werden Ihre Daten gel\u00f6scht oder anonymisiert.<\/p>\n<p>&nbsp;<\/p>\n<h4><strong>7. IHRE RECHTE <\/strong><\/h4>\n<ul>\n<li>Sie haben das Recht, \u00fcber Ihre personenbezogenen Daten informiert zu werden und darauf zuzugreifen,<\/li>\n<li>Sie haben das Recht, die Berichtigung oder Erg\u00e4nzung Ihrer personenbezogenen Daten zu verlangen,<\/li>\n<li>Sie haben das Recht, (*<em>) die L\u00f6schung Ihrer personenbezogenen Daten zu verlangen, <\/em><\/li>\n<li><em>Sie haben das Recht, (*<\/em>) die Verarbeitung Ihrer personenbezogenen Daten einzuschr\u00e4nken,<\/li>\n<li>Sie haben das Recht, (*<em>) die \u00dcbertragbarkeit Ihrer personenbezogenen Daten zu verlangen, <\/em><\/li>\n<li><em>Sie haben das Recht, (*<\/em>) der Verarbeitung Ihrer personenbezogenen Daten zu widersprechen.<\/li>\n<\/ul>\n<p>Sie k\u00f6nnen Ihre Rechte durch eine schriftliche Anfrage, mit Empfangsbest\u00e4tigung, datiert und unterzeichnet, an unseren Datenschutzbeauftragten (&#8222;DPO&#8220;) richten, unter folgender Adresse: Chemin du Petit Bois, 51 &#8211; 4960 Malmedy.<\/p>\n<p>(*) Die Aus\u00fcbung dieser Rechte unterliegt einer vorherigen Analyse durch unseren DPO.<\/p>\n<p>Hinweis: Bitte beachten Sie, dass in bestimmten F\u00e4llen vor der Bearbeitung Ihrer Anfrage eine Kopie Ihres Ausweises angefordert werden kann.<\/p>\n<p>&nbsp;<\/p>\n<h4><strong>8. <\/strong>SICHERHEIT IHRER PERSONENBEZOGENEN DATEN<\/h4>\n<p>Personenbezogene Daten werden nur an Unternehmen ausgelagert, die ein ausreichendes Datenschutzniveau garantieren.<\/p>\n<p>FFWD Production sch\u00fctzt die unter ihrer Kontrolle stehenden personenbezogenen Daten durch technische und organisatorische Schutzma\u00dfnahmen wie Verschl\u00fcsselung, Antivirenprogramme, Firewalls und Zugangskontrollen.<\/p>\n<p>Der Zugang zu Ihren personenbezogenen Daten ist in jedem Fall nur autorisierten Personen gestattet, f\u00fcr die dieser Zugang zur Erf\u00fcllung ihrer Aufgaben erforderlich ist. Diese Personen unterliegen der Schweigepflicht und m\u00fcssen alle technischen Vorschriften einhalten, um die Vertraulichkeit der personenbezogenen Daten zu gew\u00e4hrleisten.<\/p>\n<p>&nbsp;<\/p>\n<h4><strong>9. <\/strong>BESCHWERDE EINREICHEN<\/h4>\n<p>Im Falle von Streitigkeiten \u00fcber die Verarbeitung Ihrer personenbezogenen Daten k\u00f6nnen Sie eine Beschwerde bei unserem Datenschutzbeauftragten (&#8222;DPO&#8220;) einreichen, indem Sie ihm eine schriftliche Beschwerde mit Empfangsbest\u00e4tigung an folgende Adresse senden: Chemin du Petit Bois, 51 &#8211; 4960 Malmedy.<\/p>\n<p>Sie k\u00f6nnen auch eine Beschwerde bei der Datenschutzbeh\u00f6rde einreichen, indem Sie diese postalisch an Rue de la Presse, 35, 1000 Br\u00fcssel, oder per E-Mail an <a href=\"mailto:contact@apd-gba.be\" target=\"_new\" rel=\"noopener\">contact@apd-gba.be<\/a> senden.<\/p>\n<p>&nbsp;<\/p>\n","protected":false},"excerpt":{"rendered":"<p>1. EINLEITUNG Die Verarbeitung Ihrer personenbezogenen Daten unterliegt der Einhaltung der geltenden europ\u00e4ischen und nationalen Vorschriften in diesem Bereich, einschlie\u00dflich der Europ\u00e4ischen Verordnung Nr. 2016\/679 vom 27. April 2016 zum Schutz personenbezogener Daten, auch als &#8222;DSGVO&#8220; bekannt. FFWD Production SRL legt gro\u00dfen Wert auf die Wahrung Ihrer Privatsph\u00e4re und den Schutz Ihrer personenbezogenen Daten. Daher [&hellip;]<\/p>\n","protected":false},"author":2,"featured_media":0,"parent":4545,"menu_order":0,"comment_status":"closed","ping_status":"closed","template":"","meta":{"footnotes":""},"acf":[],"yoast_head":"<!-- This site is optimized with the Yoast SEO plugin v23.5 - https:\/\/yoast.com\/wordpress\/plugins\/seo\/ -->\n<title>Privacy - Sniper Zone<\/title>\n<meta name=\"robots\" content=\"index, follow, max-snippet:-1, max-image-preview:large, max-video-preview:-1\" \/>\n<link rel=\"canonical\" href=\"https:\/\/www.sniper-zone.be\/de\/datenschutzbestimmungen\/4440-2\/\" \/>\n<meta property=\"og:locale\" content=\"de_DE\" \/>\n<meta property=\"og:type\" content=\"article\" \/>\n<meta property=\"og:title\" content=\"Privacy - Sniper Zone\" \/>\n<meta property=\"og:description\" content=\"1. EINLEITUNG Die Verarbeitung Ihrer personenbezogenen Daten unterliegt der Einhaltung der geltenden europ\u00e4ischen und nationalen Vorschriften in diesem Bereich, einschlie\u00dflich der Europ\u00e4ischen Verordnung Nr. 2016\/679 vom 27. April 2016 zum Schutz personenbezogener Daten, auch als &#8222;DSGVO&#8220; bekannt. FFWD Production SRL legt gro\u00dfen Wert auf die Wahrung Ihrer Privatsph\u00e4re und den Schutz Ihrer personenbezogenen Daten. Daher [&hellip;]\" \/>\n<meta property=\"og:url\" content=\"https:\/\/www.sniper-zone.be\/de\/datenschutzbestimmungen\/4440-2\/\" \/>\n<meta property=\"og:site_name\" content=\"Sniper Zone\" \/>\n<meta property=\"article:publisher\" content=\"https:\/\/www.facebook.com\/paintballsniperzone\/\" \/>\n<meta property=\"article:modified_time\" content=\"2023-11-13T12:25:47+00:00\" \/>\n<meta name=\"twitter:card\" content=\"summary_large_image\" \/>\n<meta name=\"twitter:label1\" content=\"Gesch\u00e4tzte Lesezeit\" \/>\n\t<meta name=\"twitter:data1\" content=\"6\u00a0Minuten\" \/>\n<script type=\"application\/ld+json\" class=\"yoast-schema-graph\">{\"@context\":\"https:\/\/schema.org\",\"@graph\":[{\"@type\":\"WebPage\",\"@id\":\"https:\/\/www.sniper-zone.be\/de\/datenschutzbestimmungen\/4440-2\/\",\"url\":\"https:\/\/www.sniper-zone.be\/de\/datenschutzbestimmungen\/4440-2\/\",\"name\":\"Privacy - Sniper Zone\",\"isPartOf\":{\"@id\":\"https:\/\/www.sniper-zone.be\/de\/#website\"},\"datePublished\":\"2023-11-13T09:57:54+00:00\",\"dateModified\":\"2023-11-13T12:25:47+00:00\",\"breadcrumb\":{\"@id\":\"https:\/\/www.sniper-zone.be\/de\/datenschutzbestimmungen\/4440-2\/#breadcrumb\"},\"inLanguage\":\"de\",\"potentialAction\":[{\"@type\":\"ReadAction\",\"target\":[\"https:\/\/www.sniper-zone.be\/de\/datenschutzbestimmungen\/4440-2\/\"]}]},{\"@type\":\"BreadcrumbList\",\"@id\":\"https:\/\/www.sniper-zone.be\/de\/datenschutzbestimmungen\/4440-2\/#breadcrumb\",\"itemListElement\":[{\"@type\":\"ListItem\",\"position\":1,\"name\":\"Accueil\",\"item\":\"https:\/\/www.sniper-zone.be\/de\/\"},{\"@type\":\"ListItem\",\"position\":2,\"name\":\"Privacy\"}]},{\"@type\":\"WebSite\",\"@id\":\"https:\/\/www.sniper-zone.be\/de\/#website\",\"url\":\"https:\/\/www.sniper-zone.be\/de\/\",\"name\":\"Sniper Zone\",\"description\":\"Un site utilisant WordPress\",\"publisher\":{\"@id\":\"https:\/\/www.sniper-zone.be\/de\/#organization\"},\"potentialAction\":[{\"@type\":\"SearchAction\",\"target\":{\"@type\":\"EntryPoint\",\"urlTemplate\":\"https:\/\/www.sniper-zone.be\/de\/?s={search_term_string}\"},\"query-input\":{\"@type\":\"PropertyValueSpecification\",\"valueRequired\":true,\"valueName\":\"search_term_string\"}}],\"inLanguage\":\"de\"},{\"@type\":\"Organization\",\"@id\":\"https:\/\/www.sniper-zone.be\/de\/#organization\",\"name\":\"Sniper Zone\",\"url\":\"https:\/\/www.sniper-zone.be\/de\/\",\"logo\":{\"@type\":\"ImageObject\",\"inLanguage\":\"de\",\"@id\":\"https:\/\/www.sniper-zone.be\/de\/#\/schema\/logo\/image\/\",\"url\":\"https:\/\/www.sniper-zone.be\/wp-content\/uploads\/2022\/07\/logo-web.79073833.png\",\"contentUrl\":\"https:\/\/www.sniper-zone.be\/wp-content\/uploads\/2022\/07\/logo-web.79073833.png\",\"width\":210,\"height\":85,\"caption\":\"Sniper Zone\"},\"image\":{\"@id\":\"https:\/\/www.sniper-zone.be\/de\/#\/schema\/logo\/image\/\"},\"sameAs\":[\"https:\/\/www.facebook.com\/paintballsniperzone\/\",\"https:\/\/www.instagram.com\/paintballsniperzone\/\",\"https:\/\/fr.tripadvisor.be\/Attraction_Review-g1025609-d8756441-Reviews-Paintball_Sniper_Zone-Malmedy_Liege_Province_The_Ardennes_Wallonia.html\",\"https:\/\/www.youtube.com\/channel\/UCIbqlkLc0vFKsVQ7HNs0e6w\"]}]}<\/script>\n<!-- \/ Yoast SEO plugin. -->","yoast_head_json":{"title":"Privacy - Sniper Zone","robots":{"index":"index","follow":"follow","max-snippet":"max-snippet:-1","max-image-preview":"max-image-preview:large","max-video-preview":"max-video-preview:-1"},"canonical":"https:\/\/www.sniper-zone.be\/de\/datenschutzbestimmungen\/4440-2\/","og_locale":"de_DE","og_type":"article","og_title":"Privacy - Sniper Zone","og_description":"1. EINLEITUNG Die Verarbeitung Ihrer personenbezogenen Daten unterliegt der Einhaltung der geltenden europ\u00e4ischen und nationalen Vorschriften in diesem Bereich, einschlie\u00dflich der Europ\u00e4ischen Verordnung Nr. 2016\/679 vom 27. April 2016 zum Schutz personenbezogener Daten, auch als &#8222;DSGVO&#8220; bekannt. FFWD Production SRL legt gro\u00dfen Wert auf die Wahrung Ihrer Privatsph\u00e4re und den Schutz Ihrer personenbezogenen Daten. Daher [&hellip;]","og_url":"https:\/\/www.sniper-zone.be\/de\/datenschutzbestimmungen\/4440-2\/","og_site_name":"Sniper Zone","article_publisher":"https:\/\/www.facebook.com\/paintballsniperzone\/","article_modified_time":"2023-11-13T12:25:47+00:00","twitter_card":"summary_large_image","twitter_misc":{"Gesch\u00e4tzte Lesezeit":"6\u00a0Minuten"},"schema":{"@context":"https:\/\/schema.org","@graph":[{"@type":"WebPage","@id":"https:\/\/www.sniper-zone.be\/de\/datenschutzbestimmungen\/4440-2\/","url":"https:\/\/www.sniper-zone.be\/de\/datenschutzbestimmungen\/4440-2\/","name":"Privacy - Sniper Zone","isPartOf":{"@id":"https:\/\/www.sniper-zone.be\/de\/#website"},"datePublished":"2023-11-13T09:57:54+00:00","dateModified":"2023-11-13T12:25:47+00:00","breadcrumb":{"@id":"https:\/\/www.sniper-zone.be\/de\/datenschutzbestimmungen\/4440-2\/#breadcrumb"},"inLanguage":"de","potentialAction":[{"@type":"ReadAction","target":["https:\/\/www.sniper-zone.be\/de\/datenschutzbestimmungen\/4440-2\/"]}]},{"@type":"BreadcrumbList","@id":"https:\/\/www.sniper-zone.be\/de\/datenschutzbestimmungen\/4440-2\/#breadcrumb","itemListElement":[{"@type":"ListItem","position":1,"name":"Accueil","item":"https:\/\/www.sniper-zone.be\/de\/"},{"@type":"ListItem","position":2,"name":"Privacy"}]},{"@type":"WebSite","@id":"https:\/\/www.sniper-zone.be\/de\/#website","url":"https:\/\/www.sniper-zone.be\/de\/","name":"Sniper Zone","description":"Un site utilisant WordPress","publisher":{"@id":"https:\/\/www.sniper-zone.be\/de\/#organization"},"potentialAction":[{"@type":"SearchAction","target":{"@type":"EntryPoint","urlTemplate":"https:\/\/www.sniper-zone.be\/de\/?s={search_term_string}"},"query-input":{"@type":"PropertyValueSpecification","valueRequired":true,"valueName":"search_term_string"}}],"inLanguage":"de"},{"@type":"Organization","@id":"https:\/\/www.sniper-zone.be\/de\/#organization","name":"Sniper Zone","url":"https:\/\/www.sniper-zone.be\/de\/","logo":{"@type":"ImageObject","inLanguage":"de","@id":"https:\/\/www.sniper-zone.be\/de\/#\/schema\/logo\/image\/","url":"https:\/\/www.sniper-zone.be\/wp-content\/uploads\/2022\/07\/logo-web.79073833.png","contentUrl":"https:\/\/www.sniper-zone.be\/wp-content\/uploads\/2022\/07\/logo-web.79073833.png","width":210,"height":85,"caption":"Sniper Zone"},"image":{"@id":"https:\/\/www.sniper-zone.be\/de\/#\/schema\/logo\/image\/"},"sameAs":["https:\/\/www.facebook.com\/paintballsniperzone\/","https:\/\/www.instagram.com\/paintballsniperzone\/","https:\/\/fr.tripadvisor.be\/Attraction_Review-g1025609-d8756441-Reviews-Paintball_Sniper_Zone-Malmedy_Liege_Province_The_Ardennes_Wallonia.html","https:\/\/www.youtube.com\/channel\/UCIbqlkLc0vFKsVQ7HNs0e6w"]}]}},"_links":{"self":[{"href":"https:\/\/www.sniper-zone.be\/de\/wp-json\/wp\/v2\/pages\/4440"}],"collection":[{"href":"https:\/\/www.sniper-zone.be\/de\/wp-json\/wp\/v2\/pages"}],"about":[{"href":"https:\/\/www.sniper-zone.be\/de\/wp-json\/wp\/v2\/types\/page"}],"author":[{"embeddable":true,"href":"https:\/\/www.sniper-zone.be\/de\/wp-json\/wp\/v2\/users\/2"}],"replies":[{"embeddable":true,"href":"https:\/\/www.sniper-zone.be\/de\/wp-json\/wp\/v2\/comments?post=4440"}],"version-history":[{"count":2,"href":"https:\/\/www.sniper-zone.be\/de\/wp-json\/wp\/v2\/pages\/4440\/revisions"}],"predecessor-version":[{"id":4450,"href":"https:\/\/www.sniper-zone.be\/de\/wp-json\/wp\/v2\/pages\/4440\/revisions\/4450"}],"up":[{"embeddable":true,"href":"https:\/\/www.sniper-zone.be\/de\/wp-json\/wp\/v2\/pages\/4545"}],"wp:attachment":[{"href":"https:\/\/www.sniper-zone.be\/de\/wp-json\/wp\/v2\/media?parent=4440"}],"curies":[{"name":"wp","href":"https:\/\/api.w.org\/{rel}","templated":true}]}}