{"id":960,"date":"2021-01-29T11:17:15","date_gmt":"2021-01-29T10:17:15","guid":{"rendered":"https:\/\/www.sniper-zone.be\/?page_id=960"},"modified":"2025-01-13T09:37:38","modified_gmt":"2025-01-13T08:37:38","slug":"allgemeine-geschaeftsbedingungen","status":"publish","type":"page","link":"https:\/\/www.sniper-zone.be\/de\/datenschutzbestimmungen\/allgemeine-geschaeftsbedingungen\/","title":{"rendered":"Allgemeine Gesch\u00e4ftsbedingungen"},"content":{"rendered":"<h2>Allgemeine Gesch\u00e4ftsbedingungen zur Organisation unserer Aktivit\u00e4ten FFWD Produktion &#8211; SNIPER ZONE<\/h2>\n<h3><\/h3>\n<p>Diese allgemeinen Gesch\u00e4ftsbedingungen sind auf unseren verschiedenen Kommunikationskan\u00e4len (E-Mail, Website und Rechnung) verf\u00fcgbar. Als Ergebnis davon impliziert jede Reservierung oder Kauf die bedingungslose Akzeptanz dieser allgemeinen Gesch\u00e4ftsbedingungen und der internen Vorschriften von SNIPER ZONE (FFWD Production) durch den Kunden. Durch diese Akzeptanz erkennt der Kunde an, ausreichend \u00fcber den Zweck und die Natur der Aktivit\u00e4ten informiert worden zu sein.<\/p>\n<p>&nbsp;<\/p>\n<h3><strong>HAFTUNG<\/strong><\/h3>\n<p>Der Organisator der Aktivit\u00e4t oder die Person, die die Reservierung vorgenommen hat, verpflichtet sich, die Teilnehmer der gebuchten Aktivit\u00e4ten \u00fcber diese allgemeinen Gesch\u00e4ftsbedingungen und die internen Vorschriften vor ihrer Ankunft zu informieren. Der Organisator der Aktivit\u00e4t oder die Person, die die Reservierung vorgenommen hat, ist f\u00fcr die ordnungsgem\u00e4\u00dfe Anwendung der allgemeinen Gesch\u00e4ftsbedingungen von SNIPER ZONE (FFWD Production) und der verschiedenen Vorschriften f\u00fcr die gesamte Gruppe verantwortlich. Im Falle eines Konflikts oder unangemessenen Verhaltens von Teilnehmern ist der Organisator der Aktivit\u00e4t oder die Person, die die Reservierung vorgenommen hat, verantwortlich.<\/p>\n<p>Die Organisation einer Aktivit\u00e4t basiert auf Mittel und nicht auf garantierten Ergebnissen. Die Teilnahme an einer Aktivit\u00e4t birgt bestimmte Risiken, und die Teilnehmer handeln auf eigenes Risiko. Es obliegt dem Teilnehmer zu beurteilen, ob er physisch und mental geeignet ist, an der Aktivit\u00e4t teilzunehmen, und den Ablauf der Aktivit\u00e4ten zu verstehen. SNIPER ZONE (FFWD Production) lehnt jede Haftung im Falle von Unvertr\u00e4glichkeit zwischen der Aktivit\u00e4t und dem Gesundheitszustand des Teilnehmers oder wenn die Teilnehmer die Vereinbarung, die allgemeinen Gesch\u00e4ftsbedingungen, die Vorschriften und\/oder die Anweisungen von SNIPER ZONE (FFWD Production) nicht einhalten.<\/p>\n<p>Der Teilnehmer sollte den Service, die Einrichtungen, die Ausr\u00fcstung und die zur Verf\u00fcgung gestellten Attribute von SNIPER ZONE (FFWD Production) mit gr\u00f6\u00dftm\u00f6glicher Sorgfalt verwenden. Der Teilnehmer sollte nicht unter dem Einfluss von Alkohol oder Drogen stehen. Der Teilnehmer sollte Respekt gegen\u00fcber anderen Teilnehmern und dem Personal von SNIPER ZONE (FFWD Production) zeigen und jederzeit den angemessenen Anweisungen des Personals folgen.<\/p>\n<p>Wenn Teilnehmer die Infrastruktur und\/oder das Material von SNIPER ZONE (FFWD Production) durch Fehlverhalten, unsachgem\u00e4\u00dfe Verwendung, Nichteinhaltung der Anweisungen w\u00e4hrend der Einweisung, Nichtbefolgung der schriftlichen Anweisungen auf unseren verschiedenen Kommunikationskan\u00e4len oder der Ratschl\u00e4ge des Personals von SNIPER ZONE (FFWD Production) besch\u00e4digen, wird dieses Material unverz\u00fcglich dem Organisator der Aktivit\u00e4t oder dem Gruppenverantwortlichen in Rechnung gestellt. Wenn diese Besch\u00e4digung SNIPER ZONE (FFWD Production) daran hindert, die Aktivit\u00e4t f\u00fcr andere Gruppen zu organisieren, kann eine Entsch\u00e4digung in H\u00f6he des erlittenen Schadens vom Organisator der Aktivit\u00e4t oder dem Gruppenverantwortlichen verlangt werden.<\/p>\n<p>Der Organisator der Aktivit\u00e4t verpflichtet sich sicherzustellen, dass alle Teilnehmer zu Beginn der Aktivit\u00e4t in ihrem offiziellen Namen die Haftungserkl\u00e4rung unterschreiben. Falls ein Teilnehmer nicht unterschrieben hat, ist der Organisator im Falle eines Schadens haftbar.<\/p>\n<p>Wenn SNIPER ZONE (FFWD Production) dennoch haftbar gemacht wird, muss sie zuerst den Schaden in natura ausgleichen. Wenn eine Wiederherstellung in natura nicht m\u00f6glich ist, ist die Haftung von SNIPER ZONE (FFWD Production), unabh\u00e4ngig von Art, Ursache oder Gegenstand des Schadensfalls, auf den maximalen Betrag der f\u00fcr die betreffende Aktivit\u00e4t in Rechnung gestellten Teilnahmegeb\u00fchr begrenzt. Die Haftung von SNIPER ZONE (FFWD Production) muss nachgewiesen werden.<\/p>\n<p>Verlorene Gegenst\u00e4nde werden nicht l\u00e4nger als eine Woche nach ihrer Entdeckung aufbewahrt. SNIPER ZONE (FFWD Production) kann nicht f\u00fcr Diebstahl oder Besch\u00e4digung von Eigentum auf ihrem Parkplatz und in ihren Einrichtungen haftbar gemacht werden.<\/p>\n<h3><\/h3>\n<h3>1. Reservierungen<\/h3>\n<p>Reservierungen erfolgen ausschlie\u00dflich per E-Mail oder via www.sniper-zone.be.<br \/>\nWenn Ihre Aktivit\u00e4t innerhalb der n\u00e4chsten 48 Stunden stattfinden soll, erfolgt die Reservierung ausschlie\u00dflich per Telefon unter der Nummer +32 (0) 497 47 97 86. Wenn Sie einen unserer Mitarbeiter treffen m\u00f6chten, um Ihre Aktivit\u00e4t zu organisieren, stehen wir Ihnen gerne auf Rendez-Vous zur Verf\u00fcgung. Die Reservierung Ihrer Aktivit\u00e4t sollte so fr\u00fch wie m\u00f6glich erfolgen, und ist erst effektiv nach Erhalt Ihrer Anzahlung.<\/p>\n<p>Wir ben\u00f6tigen vom Organisator die genaue Anzahl Spieler 5 Tage vor Ihrer Aktivit\u00e4t. Wenn die Anzahl Spieler am Tag Ihrer Aktivit\u00e4t von der Anzahl Spieler, die Sie angemeldet haben, abweicht, sehen wir uns gezwungen, den kompletten Betrag von Ihnen einzufordern, auch von den abwesenden Personen.<\/p>\n<p><strong>Bemerkungen:<\/strong><\/p>\n<p>\u2022 Dieses Angebot gilt f\u00fcr Gruppen mit mindestens 10 Teilnehmern. Bei weniger als 10 Teilnehmern wird ein Festpreis (f\u00fcr 10 Personen) berechnet.<\/p>\n<p>\u2022 Jede \u00c4nderung einer typischen Reservierung kann mit uns diskutiert werden, kann aber einer Preiserh\u00f6hung unterliegen.<\/p>\n<h3>2. Anzahlung<\/h3>\n<p>Die Anzahlung betr\u00e4gt ein % der Summe Ihrer Aktivit\u00e4t, berechnet auf die Anzahl Spieler, die uns Ihr Organisator mitteilt. Diese Anzahlung muss vor dem in der E-Mail angegebenen Tag bei uns eingehen, damit Ihre Reservierung best\u00e4tigt ist. M\u00f6chte Ihr Organisator uns den Restbetrag der Aktivit\u00e4t \u00fcberweisen, so benachrichtige er uns per Mail und mache die Restzahlung eine Woche vor Ihrer Aktivit\u00e4t (bitte bringen Sie den Zahlungsbeleg am Tag Ihrer Aktivit\u00e4t mit).<br \/>\nWenn Sie eine Woche vor Ihrer Aktivit\u00e4t buchen, brauchen Sie keine Anzahlung zu leisten. (nur eine Best\u00e4tigung Ihrer Ankunft am Vortag Ihrer Aktivit\u00e4t)<\/p>\n<h3>3. Zahlungsbedingungen<\/h3>\n<p>Der Restbetrag nach Anzahlung sollte am Tag der Aktivit\u00e4t bar oder per Smartphone-App Payconiq erfolgen. Dies sollte vom Organisator Ihrer Gruppe bei Ihrer Ankunft an unserem Empfang erfolgen. Bitte nur eine Zahlung pro Gruppe.<\/p>\n<p>Alle unsere Rechnungen sind sofort zahlbar. Bei Nichtzahlung am F\u00e4lligkeitstag wird automatisch und ohne Vorank\u00fcndigung verrechnet:<\/p>\n<p>&#8211; eine Vertragsstrafe von 15 % der f\u00e4lligen Betr\u00e4ge mit einem Mindestbetrag von 50 \u20ac;<\/p>\n<p>&#8211; Verzugszinsen von 15% pro Jahr;<\/p>\n<p>&#8211; (Verwaltungskosten 12,50 \u20ac).<\/p>\n<h3>4. Annullierung eines Tages und \/ oder einer Aktivit\u00e4t<\/h3>\n<p><strong>Alle Stornierungen m\u00fcssen per E-Mail mit Empfangsbest\u00e4tigung gesendet werden!<\/strong><\/p>\n<p>Im Falle einer Stornierung innerhalb von 15 Arbeitstagen vor der Aktivit\u00e4t behalten wir uns das Recht vor, den vollen Betrag der Anzahlung als Entsch\u00e4digung einzubehalten. Die Stornierung der Aktivit\u00e4t muss per E-Mail mit Empfangsbest\u00e4tigung erfolgen.<\/p>\n<p>Wenn die Gruppe die Aktivit\u00e4t nicht 3 Werktage vor der Aktivit\u00e4t absagt und\/oder nicht zum vorgesehenen Datum und zur vorgesehenen Uhrzeit erscheint, sind wir gezwungen, die gesamte Anzahlung einzubehalten und den Restbetrag der Aktivit\u00e4t dem Veranstalter als Entsch\u00e4digung f\u00fcr die Beteiligten in Rechnung zu stellen.<\/p>\n<p>Im Falle eines nat\u00fcrlichen oder sozialen Ungl\u00fccks, Entscheidungen der Beh\u00f6rden (Regierung, Gemeinde\u2026), Naturkatastrophe, die uns zwingt, Ihre Reservierung zu stornieren.Die Anzahlung kann nicht zur\u00fcckerstattet werden, wird jedoch in Form einer Gutschrift f\u00fcr einen zuk\u00fcnftigen Besuch gut zur\u00fcckgestellt.<strong>\u00a0<\/strong><\/p>\n<p><strong>\u00a0<\/strong>Wenn die Anzahl der Teilnehmer geringer ist als die gebuchte Anzahl und der Organisator uns nicht 5 Werktage vor dem Datum der Aktivit\u00e4t informiert hat, wird eine Geb\u00fchr von <strong>10\u00a0\u20ac pro fehlendem Teilnehmer<\/strong> auf den Gesamtbetrag der Gruppe aufgeschlagen!<\/p>\n<p>Wenn am Tag der Aktivit\u00e4t die Anzahl der Teilnehmer geringer ist als die gebuchte Anzahl und der Veranstalter uns nicht 2 Werktage vor dem Datum der Aktivit\u00e4t informiert hat, wird der Gesamtbetrag der zuvor gebuchten Pakete in Rechnung gestellt* ohne Rabatt!<\/p>\n<p>* Beim Paintball werden die Paintballs der &#8222;Abwesenden&#8220; auf die anwesenden Spieler verteilt!<\/p>\n<p>Im Falle einer Erstattung erfolgt diese in Form eines Gutscheins, wobei <strong>15 %<\/strong> des Betrags f\u00fcr Verwaltungskosten abgezogen werden.<\/p>\n<p>&nbsp;<\/p>\n<p>Alle unsere Rechnungen sind sofort zahlbar. Bei Nichtzahlung am F\u00e4lligkeitstag wird automatisch und ohne Vorank\u00fcndigung verrechnet:<\/p>\n<p>&#8211; eine Vertragsstrafe von 15 % der f\u00e4lligen Betr\u00e4ge mit einem Mindestbetrag von 50 \u20ac;<\/p>\n<p>&#8211; Verzugszinsen von 15% pro Jahr;<\/p>\n<p>&#8211; (Verwaltungskosten 12,50 \u20ac).<\/p>\n<p>&nbsp;<\/p>\n<h3>5. Erm\u00e4\u00dfigungen und Gratisaktivit\u00e4t<\/h3>\n<p>Bei mehr als 25 Personen kann unter bestimmten Bedingungen eine Erm\u00e4\u00dfigung auf den Preis gew\u00e4hrt werden.<br \/>\nAndere Erm\u00e4\u00dfigungen oder Geschenkgutscheine k\u00f6nnen einer Gruppe gew\u00e4hrt werden, bei Wertsch\u00e4tzung durch die Direktion der FFWD Produktion SPRL.<br \/>\nJe nach Vorlage von Dokumenten oder Karten unserer Partner werden automatische Reduktionen gew\u00e4hrt.<br \/>\nAlle Erm\u00e4\u00dfigungen die durch FFWD Produktion SPRL gew\u00e4hrt werden, k\u00f6nnen nicht mit anderen Erm\u00e4\u00dfigungen kumuliert werden.<\/p>\n<p>Gerichtsstand f\u00fcr alle eventuellen Streitigkeiten zwischen dem Kunden und uns ist Verviers unbeschadet des Erstellungs &#8211; oder Ausf\u00fchrungsortes des Vertrags.<br \/>\nDie Referenzsprache f\u00fcr die Beilegung von Streitigkeiten ist Franz\u00f6sisch.<\/p>\n","protected":false},"excerpt":{"rendered":"<p>Allgemeine Gesch\u00e4ftsbedingungen zur Organisation unserer Aktivit\u00e4ten FFWD Produktion &#8211; SNIPER ZONE Diese allgemeinen Gesch\u00e4ftsbedingungen sind auf unseren verschiedenen Kommunikationskan\u00e4len (E-Mail, Website und Rechnung) verf\u00fcgbar. Als Ergebnis davon impliziert jede Reservierung oder Kauf die bedingungslose Akzeptanz dieser allgemeinen Gesch\u00e4ftsbedingungen und der internen Vorschriften von SNIPER ZONE (FFWD Production) durch den Kunden. Durch diese Akzeptanz erkennt der [&hellip;]<\/p>\n","protected":false},"author":1,"featured_media":0,"parent":4545,"menu_order":0,"comment_status":"closed","ping_status":"closed","template":"pages\/template-single-confidentialite.php","meta":{"footnotes":""},"acf":[],"yoast_head":"<!-- This site is optimized with the Yoast SEO plugin v23.5 - https:\/\/yoast.com\/wordpress\/plugins\/seo\/ -->\n<title>Allgemeine Gesch\u00e4ftsbedingungen - Sniper Zone<\/title>\n<meta name=\"robots\" content=\"index, follow, max-snippet:-1, max-image-preview:large, max-video-preview:-1\" \/>\n<link rel=\"canonical\" href=\"https:\/\/www.sniper-zone.be\/de\/datenschutzbestimmungen\/allgemeine-geschaeftsbedingungen\/\" \/>\n<meta property=\"og:locale\" content=\"de_DE\" \/>\n<meta property=\"og:type\" content=\"article\" \/>\n<meta property=\"og:title\" content=\"Allgemeine Gesch\u00e4ftsbedingungen - Sniper Zone\" \/>\n<meta property=\"og:description\" content=\"Allgemeine Gesch\u00e4ftsbedingungen zur Organisation unserer Aktivit\u00e4ten FFWD Produktion &#8211; SNIPER ZONE Diese allgemeinen Gesch\u00e4ftsbedingungen sind auf unseren verschiedenen Kommunikationskan\u00e4len (E-Mail, Website und Rechnung) verf\u00fcgbar. Als Ergebnis davon impliziert jede Reservierung oder Kauf die bedingungslose Akzeptanz dieser allgemeinen Gesch\u00e4ftsbedingungen und der internen Vorschriften von SNIPER ZONE (FFWD Production) durch den Kunden. Durch diese Akzeptanz erkennt der [&hellip;]\" \/>\n<meta property=\"og:url\" content=\"https:\/\/www.sniper-zone.be\/de\/datenschutzbestimmungen\/allgemeine-geschaeftsbedingungen\/\" \/>\n<meta property=\"og:site_name\" content=\"Sniper Zone\" \/>\n<meta property=\"article:publisher\" content=\"https:\/\/www.facebook.com\/paintballsniperzone\/\" \/>\n<meta property=\"article:modified_time\" content=\"2025-01-13T08:37:38+00:00\" \/>\n<meta name=\"twitter:card\" content=\"summary_large_image\" \/>\n<meta name=\"twitter:label1\" content=\"Gesch\u00e4tzte Lesezeit\" \/>\n\t<meta name=\"twitter:data1\" content=\"7\u00a0Minuten\" \/>\n<script type=\"application\/ld+json\" class=\"yoast-schema-graph\">{\"@context\":\"https:\/\/schema.org\",\"@graph\":[{\"@type\":\"WebPage\",\"@id\":\"https:\/\/www.sniper-zone.be\/de\/datenschutzbestimmungen\/allgemeine-geschaeftsbedingungen\/\",\"url\":\"https:\/\/www.sniper-zone.be\/de\/datenschutzbestimmungen\/allgemeine-geschaeftsbedingungen\/\",\"name\":\"Allgemeine Gesch\u00e4ftsbedingungen - Sniper Zone\",\"isPartOf\":{\"@id\":\"https:\/\/www.sniper-zone.be\/de\/#website\"},\"datePublished\":\"2021-01-29T10:17:15+00:00\",\"dateModified\":\"2025-01-13T08:37:38+00:00\",\"breadcrumb\":{\"@id\":\"https:\/\/www.sniper-zone.be\/de\/datenschutzbestimmungen\/allgemeine-geschaeftsbedingungen\/#breadcrumb\"},\"inLanguage\":\"de\",\"potentialAction\":[{\"@type\":\"ReadAction\",\"target\":[\"https:\/\/www.sniper-zone.be\/de\/datenschutzbestimmungen\/allgemeine-geschaeftsbedingungen\/\"]}]},{\"@type\":\"BreadcrumbList\",\"@id\":\"https:\/\/www.sniper-zone.be\/de\/datenschutzbestimmungen\/allgemeine-geschaeftsbedingungen\/#breadcrumb\",\"itemListElement\":[{\"@type\":\"ListItem\",\"position\":1,\"name\":\"Accueil\",\"item\":\"https:\/\/www.sniper-zone.be\/de\/\"},{\"@type\":\"ListItem\",\"position\":2,\"name\":\"Datenschutzbestimmungen\",\"item\":\"https:\/\/www.sniper-zone.be\/de\/datenschutzbestimmungen\/\"},{\"@type\":\"ListItem\",\"position\":3,\"name\":\"Allgemeine Gesch\u00e4ftsbedingungen\"}]},{\"@type\":\"WebSite\",\"@id\":\"https:\/\/www.sniper-zone.be\/de\/#website\",\"url\":\"https:\/\/www.sniper-zone.be\/de\/\",\"name\":\"Sniper Zone\",\"description\":\"Un site utilisant WordPress\",\"publisher\":{\"@id\":\"https:\/\/www.sniper-zone.be\/de\/#organization\"},\"potentialAction\":[{\"@type\":\"SearchAction\",\"target\":{\"@type\":\"EntryPoint\",\"urlTemplate\":\"https:\/\/www.sniper-zone.be\/de\/?s={search_term_string}\"},\"query-input\":{\"@type\":\"PropertyValueSpecification\",\"valueRequired\":true,\"valueName\":\"search_term_string\"}}],\"inLanguage\":\"de\"},{\"@type\":\"Organization\",\"@id\":\"https:\/\/www.sniper-zone.be\/de\/#organization\",\"name\":\"Sniper Zone\",\"url\":\"https:\/\/www.sniper-zone.be\/de\/\",\"logo\":{\"@type\":\"ImageObject\",\"inLanguage\":\"de\",\"@id\":\"https:\/\/www.sniper-zone.be\/de\/#\/schema\/logo\/image\/\",\"url\":\"https:\/\/www.sniper-zone.be\/wp-content\/uploads\/2022\/07\/logo-web.79073833.png\",\"contentUrl\":\"https:\/\/www.sniper-zone.be\/wp-content\/uploads\/2022\/07\/logo-web.79073833.png\",\"width\":210,\"height\":85,\"caption\":\"Sniper Zone\"},\"image\":{\"@id\":\"https:\/\/www.sniper-zone.be\/de\/#\/schema\/logo\/image\/\"},\"sameAs\":[\"https:\/\/www.facebook.com\/paintballsniperzone\/\",\"https:\/\/www.instagram.com\/paintballsniperzone\/\",\"https:\/\/fr.tripadvisor.be\/Attraction_Review-g1025609-d8756441-Reviews-Paintball_Sniper_Zone-Malmedy_Liege_Province_The_Ardennes_Wallonia.html\",\"https:\/\/www.youtube.com\/channel\/UCIbqlkLc0vFKsVQ7HNs0e6w\"]}]}<\/script>\n<!-- \/ Yoast SEO plugin. -->","yoast_head_json":{"title":"Allgemeine Gesch\u00e4ftsbedingungen - Sniper Zone","robots":{"index":"index","follow":"follow","max-snippet":"max-snippet:-1","max-image-preview":"max-image-preview:large","max-video-preview":"max-video-preview:-1"},"canonical":"https:\/\/www.sniper-zone.be\/de\/datenschutzbestimmungen\/allgemeine-geschaeftsbedingungen\/","og_locale":"de_DE","og_type":"article","og_title":"Allgemeine Gesch\u00e4ftsbedingungen - Sniper Zone","og_description":"Allgemeine Gesch\u00e4ftsbedingungen zur Organisation unserer Aktivit\u00e4ten FFWD Produktion &#8211; SNIPER ZONE Diese allgemeinen Gesch\u00e4ftsbedingungen sind auf unseren verschiedenen Kommunikationskan\u00e4len (E-Mail, Website und Rechnung) verf\u00fcgbar. Als Ergebnis davon impliziert jede Reservierung oder Kauf die bedingungslose Akzeptanz dieser allgemeinen Gesch\u00e4ftsbedingungen und der internen Vorschriften von SNIPER ZONE (FFWD Production) durch den Kunden. Durch diese Akzeptanz erkennt der [&hellip;]","og_url":"https:\/\/www.sniper-zone.be\/de\/datenschutzbestimmungen\/allgemeine-geschaeftsbedingungen\/","og_site_name":"Sniper Zone","article_publisher":"https:\/\/www.facebook.com\/paintballsniperzone\/","article_modified_time":"2025-01-13T08:37:38+00:00","twitter_card":"summary_large_image","twitter_misc":{"Gesch\u00e4tzte Lesezeit":"7\u00a0Minuten"},"schema":{"@context":"https:\/\/schema.org","@graph":[{"@type":"WebPage","@id":"https:\/\/www.sniper-zone.be\/de\/datenschutzbestimmungen\/allgemeine-geschaeftsbedingungen\/","url":"https:\/\/www.sniper-zone.be\/de\/datenschutzbestimmungen\/allgemeine-geschaeftsbedingungen\/","name":"Allgemeine Gesch\u00e4ftsbedingungen - Sniper Zone","isPartOf":{"@id":"https:\/\/www.sniper-zone.be\/de\/#website"},"datePublished":"2021-01-29T10:17:15+00:00","dateModified":"2025-01-13T08:37:38+00:00","breadcrumb":{"@id":"https:\/\/www.sniper-zone.be\/de\/datenschutzbestimmungen\/allgemeine-geschaeftsbedingungen\/#breadcrumb"},"inLanguage":"de","potentialAction":[{"@type":"ReadAction","target":["https:\/\/www.sniper-zone.be\/de\/datenschutzbestimmungen\/allgemeine-geschaeftsbedingungen\/"]}]},{"@type":"BreadcrumbList","@id":"https:\/\/www.sniper-zone.be\/de\/datenschutzbestimmungen\/allgemeine-geschaeftsbedingungen\/#breadcrumb","itemListElement":[{"@type":"ListItem","position":1,"name":"Accueil","item":"https:\/\/www.sniper-zone.be\/de\/"},{"@type":"ListItem","position":2,"name":"Datenschutzbestimmungen","item":"https:\/\/www.sniper-zone.be\/de\/datenschutzbestimmungen\/"},{"@type":"ListItem","position":3,"name":"Allgemeine Gesch\u00e4ftsbedingungen"}]},{"@type":"WebSite","@id":"https:\/\/www.sniper-zone.be\/de\/#website","url":"https:\/\/www.sniper-zone.be\/de\/","name":"Sniper Zone","description":"Un site utilisant WordPress","publisher":{"@id":"https:\/\/www.sniper-zone.be\/de\/#organization"},"potentialAction":[{"@type":"SearchAction","target":{"@type":"EntryPoint","urlTemplate":"https:\/\/www.sniper-zone.be\/de\/?s={search_term_string}"},"query-input":{"@type":"PropertyValueSpecification","valueRequired":true,"valueName":"search_term_string"}}],"inLanguage":"de"},{"@type":"Organization","@id":"https:\/\/www.sniper-zone.be\/de\/#organization","name":"Sniper Zone","url":"https:\/\/www.sniper-zone.be\/de\/","logo":{"@type":"ImageObject","inLanguage":"de","@id":"https:\/\/www.sniper-zone.be\/de\/#\/schema\/logo\/image\/","url":"https:\/\/www.sniper-zone.be\/wp-content\/uploads\/2022\/07\/logo-web.79073833.png","contentUrl":"https:\/\/www.sniper-zone.be\/wp-content\/uploads\/2022\/07\/logo-web.79073833.png","width":210,"height":85,"caption":"Sniper Zone"},"image":{"@id":"https:\/\/www.sniper-zone.be\/de\/#\/schema\/logo\/image\/"},"sameAs":["https:\/\/www.facebook.com\/paintballsniperzone\/","https:\/\/www.instagram.com\/paintballsniperzone\/","https:\/\/fr.tripadvisor.be\/Attraction_Review-g1025609-d8756441-Reviews-Paintball_Sniper_Zone-Malmedy_Liege_Province_The_Ardennes_Wallonia.html","https:\/\/www.youtube.com\/channel\/UCIbqlkLc0vFKsVQ7HNs0e6w"]}]}},"_links":{"self":[{"href":"https:\/\/www.sniper-zone.be\/de\/wp-json\/wp\/v2\/pages\/960"}],"collection":[{"href":"https:\/\/www.sniper-zone.be\/de\/wp-json\/wp\/v2\/pages"}],"about":[{"href":"https:\/\/www.sniper-zone.be\/de\/wp-json\/wp\/v2\/types\/page"}],"author":[{"embeddable":true,"href":"https:\/\/www.sniper-zone.be\/de\/wp-json\/wp\/v2\/users\/1"}],"replies":[{"embeddable":true,"href":"https:\/\/www.sniper-zone.be\/de\/wp-json\/wp\/v2\/comments?post=960"}],"version-history":[{"count":16,"href":"https:\/\/www.sniper-zone.be\/de\/wp-json\/wp\/v2\/pages\/960\/revisions"}],"predecessor-version":[{"id":6624,"href":"https:\/\/www.sniper-zone.be\/de\/wp-json\/wp\/v2\/pages\/960\/revisions\/6624"}],"up":[{"embeddable":true,"href":"https:\/\/www.sniper-zone.be\/de\/wp-json\/wp\/v2\/pages\/4545"}],"wp:attachment":[{"href":"https:\/\/www.sniper-zone.be\/de\/wp-json\/wp\/v2\/media?parent=960"}],"curies":[{"name":"wp","href":"https:\/\/api.w.org\/{rel}","templated":true}]}}